{"id":1001,"date":"2024-06-17T16:37:35","date_gmt":"2024-06-17T16:37:35","guid":{"rendered":"https:\/\/aiterna.com\/?page_id=1001"},"modified":"2024-06-25T11:55:22","modified_gmt":"2024-06-25T11:55:22","slug":"uber-uns","status":"publish","type":"page","link":"https:\/\/aiterna.com\/de\/uber-uns\/","title":{"rendered":"\u00dcber uns"},"content":{"rendered":"\n<style type=\"text\/css\" data-created_by=\"avia_inline_auto\" id=\"style-css-av-lxbzic9n-3d32bfdd5335e1911a34dfd9748655cd\">\n.avia-section.av-lxbzic9n-3d32bfdd5335e1911a34dfd9748655cd{\nbackground-color:#0d0d0d;\nbackground-image:url(https:\/\/aiterna.com\/wp-content\/uploads\/2024\/06\/Aiterna_Logo_bg_opacity-1-300x259.png);\nbackground-repeat:no-repeat;\nbackground-position:50% 50%;\nbackground-attachment:scroll;\n}\n.avia-section.av-lxbzic9n-3d32bfdd5335e1911a34dfd9748655cd .av-section-color-overlay{\nopacity:0.6;\nbackground-color:#0d0d0d;\n}\n#top .avia-section.av-lxbzic9n-3d32bfdd5335e1911a34dfd9748655cd .scroll-down-link{\ncolor:#ffffff;\n}\n<\/style>\n<div id='av_section_1'  class='avia-section av-lxbzic9n-3d32bfdd5335e1911a34dfd9748655cd main_color avia-section-no-padding avia-no-border-styling  avia-builder-el-0  el_before_av_section  avia-builder-el-first  avia-full-contain avia-bg-style-scroll av-section-color-overlay-active av-minimum-height av-minimum-height-50  container_wrap fullsize'  data-section-bg-repeat='contain' data-av_minimum_height_pc='50'><div class=\"av-section-color-overlay-wrap\"><div class=\"av-section-color-overlay\"><\/div><a href='#next-section' title='' class='scroll-down-link av-custom-scroll-down-color' aria-hidden='true' data-av_icon='\ue877' data-av_iconfont='entypo-fontello'><\/a><div class='container av-section-cont-open' ><main  role=\"main\" itemprop=\"mainContentOfPage\"  class='template-page content  av-content-full alpha units'><div class='post-entry post-entry-type-page post-entry-1001'><div class='entry-content-wrapper clearfix'>\n\n<style type=\"text\/css\" data-created_by=\"avia_inline_auto\" id=\"style-css-av-lxbzk3kw-22a507387d51a5da366dbfd613ac43ff\">\n#top .flex_column.av-lxbzk3kw-22a507387d51a5da366dbfd613ac43ff{\nmargin-top:0px;\nmargin-bottom:0px;\n}\n.flex_column.av-lxbzk3kw-22a507387d51a5da366dbfd613ac43ff{\n-webkit-border-radius:0px 0px 0px 0px;\n-moz-border-radius:0px 0px 0px 0px;\nborder-radius:0px 0px 0px 0px;\npadding:0px 0px 0px 0px;\n}\n.responsive #top #wrap_all .flex_column.av-lxbzk3kw-22a507387d51a5da366dbfd613ac43ff{\nmargin-top:0px;\nmargin-bottom:0px;\n}\n<\/style>\n<div class='flex_column av-lxbzk3kw-22a507387d51a5da366dbfd613ac43ff av_one_full  avia-builder-el-1  avia-builder-el-no-sibling  first flex_column_div av-animated-generic left-to-right av-zero-column-padding '     ><style type=\"text\/css\" data-created_by=\"avia_inline_auto\" id=\"style-css-av-lxbzolu5-0383b8160215cca50d4b24bd2bd174d0\">\n#top .av-special-heading.av-lxbzolu5-0383b8160215cca50d4b24bd2bd174d0{\nmargin:0 0 50px 0;\npadding-bottom:0;\ncolor:#ffffff;\nfont-size:5vw;\n}\nbody .av-special-heading.av-lxbzolu5-0383b8160215cca50d4b24bd2bd174d0 .av-special-heading-tag .heading-char{\nfont-size:25px;\n}\n#top #wrap_all .av-special-heading.av-lxbzolu5-0383b8160215cca50d4b24bd2bd174d0 .av-special-heading-tag{\nfont-size:5vw;\n}\n.av-special-heading.av-lxbzolu5-0383b8160215cca50d4b24bd2bd174d0 .special-heading-inner-border{\nborder-color:#ffffff;\n}\n.av-special-heading.av-lxbzolu5-0383b8160215cca50d4b24bd2bd174d0 .av-subheading{\nfont-size:25px;\n}\n\n@media only screen and (min-width: 480px) and (max-width: 767px){ \n#top #wrap_all .av-special-heading.av-lxbzolu5-0383b8160215cca50d4b24bd2bd174d0 .av-special-heading-tag{\nfont-size:0.8em;\n}\n}\n\n@media only screen and (max-width: 479px){ \n#top #wrap_all .av-special-heading.av-lxbzolu5-0383b8160215cca50d4b24bd2bd174d0 .av-special-heading-tag{\nfont-size:0.8em;\n}\n}\n<\/style>\n<div  class='av-special-heading av-lxbzolu5-0383b8160215cca50d4b24bd2bd174d0 av-special-heading-h1 custom-color-heading blockquote modern-quote modern-centered  avia-builder-el-2  avia-builder-el-no-sibling  av-inherit-size'><h1 class='av-special-heading-tag'  itemprop=\"headline\"  >\u00dcber uns<\/h1><div class=\"special-heading-border\"><div class=\"special-heading-inner-border\"><\/div><\/div><\/div><\/div>\n\n<\/div><\/div><\/main><!-- close content main element --><\/div><\/div><\/div><div id='av_section_2'  class='avia-section av-lxbzqnsu-633e2101d2159af1a97aa68d4985d918 main_color avia-section-large avia-no-border-styling  avia-builder-el-3  el_after_av_section  el_before_av_section  avia-bg-style-scroll container_wrap fullsize'  ><div class='container av-section-cont-open' ><div class='template-page content  av-content-full alpha units'><div class='post-entry post-entry-type-page post-entry-1001'><div class='entry-content-wrapper clearfix'>\n<div class='flex_column av-xlwlz-2c0e6ecd9643435d1c33c5fab17f68c4 av_one_half  avia-builder-el-4  el_before_av_one_half  avia-builder-el-first  first flex_column_div '     ><p>\n<style type=\"text\/css\" data-created_by=\"avia_inline_auto\" id=\"style-css-av-lxbzv8id-a7343ad1f85b928108b3dfba4865e62d\">\n#top .av-special-heading.av-lxbzv8id-a7343ad1f85b928108b3dfba4865e62d{\nmargin:15px 0 0 0;\npadding-bottom:10px;\nfont-size:50px;\n}\nbody .av-special-heading.av-lxbzv8id-a7343ad1f85b928108b3dfba4865e62d .av-special-heading-tag .heading-char{\nfont-size:25px;\n}\n#top #wrap_all .av-special-heading.av-lxbzv8id-a7343ad1f85b928108b3dfba4865e62d .av-special-heading-tag{\nfont-size:50px;\n}\n.av-special-heading.av-lxbzv8id-a7343ad1f85b928108b3dfba4865e62d .av-subheading{\nfont-size:15px;\n}\n\n@media only screen and (min-width: 480px) and (max-width: 767px){ \n#top #wrap_all .av-special-heading.av-lxbzv8id-a7343ad1f85b928108b3dfba4865e62d .av-special-heading-tag{\nfont-size:0.8em;\n}\n}\n\n@media only screen and (max-width: 479px){ \n#top #wrap_all .av-special-heading.av-lxbzv8id-a7343ad1f85b928108b3dfba4865e62d .av-special-heading-tag{\nfont-size:0.8em;\n}\n}\n<\/style>\n<div  class='av-special-heading av-lxbzv8id-a7343ad1f85b928108b3dfba4865e62d av-special-heading-h2 blockquote modern-quote  avia-builder-el-5  el_before_av_textblock  avia-builder-el-first  av-inherit-size'><h2 class='av-special-heading-tag'  itemprop=\"headline\"  >DIE GRUPPE KENNENLERNEN<\/h2><div class=\"special-heading-border\"><div class=\"special-heading-inner-border\"><\/div><\/div><\/div><br \/>\n\n<style type=\"text\/css\" data-created_by=\"avia_inline_auto\" id=\"style-css-av-lxbzvz0s-b69cb38ea5ff608618d846fca389bae1\">\n#top .av_textblock_section.av-lxbzvz0s-b69cb38ea5ff608618d846fca389bae1 .avia_textblock{\nfont-size:16px;\n}\n<\/style>\n<section  class='av_textblock_section av-lxbzvz0s-b69cb38ea5ff608618d846fca389bae1'  itemscope=\"itemscope\" itemtype=\"https:\/\/schema.org\/CreativeWork\" ><div class='avia_textblock av_inherit_color'  itemprop=\"text\" ><p>Um die Vision der Aiterna-Gruppe zu verstehen, muss man zun\u00e4chst die Pr\u00e4misse verstehen<strong>, die die Gr\u00fcndungsmitglieder von Anfang an geleitet hat.<\/strong><\/p>\n<p>Die Aiterna-Gruppe entstand aus der Absicht heraus, ihren Beitrag zum pflichtgem\u00e4\u00dfen und unvermeidlichen wissenschaftlich-technischen Fortschritt der menschlichen Gesellschaft zu leisten, damit sich die Ergebnisse dieses Fortschritts in einer soliden und konkreten Verbesserung der Lebensqualit\u00e4t der Menschen niederschlagen.<\/p>\n<p>F\u00fcr die Gr\u00fcnder ist diese Pr\u00e4misse die nat\u00fcrliche Konsequenz eines tiefen Bewusstseins: Das Wort <strong>Innovation<\/strong> muss Werte umfassen, die eine Zivilisation unterst\u00fctzen, die ihr volles Potenzial zum Ausdruck bringen will.<\/p>\n<p>Bei der Schaffung einer Gruppe, die in der Lage ist, die gesteckten Ziele zu konzipieren und zu verfolgen, war es von Anfang an wichtig,<strong> einen multidisziplin\u00e4ren Ansatz in Bezug auf Struktur und Arbeitsmethode zu w\u00e4hlen.<\/strong><\/p>\n<p>Obwohl der Kern der Gruppe eng mit den technologischen Bereichen verbunden ist, gibt es einen Rahmen, der es erm\u00f6glicht, f\u00fcr jede durchgef\u00fchrte Aktivit\u00e4t eine spezifische<strong> Synergie mit anderen Zweigen<\/strong> des menschlichen Wissens zu erzeugen, indem komplement\u00e4re ethische, soziologische, psychologische und juristische Perspektiven bewertet werden, wobei der eigentliche innovative Charakter der Gruppe stets gewahrt bleibt.<\/p>\n<p>Wir sind der festen \u00dcberzeugung, dass ein multidisziplin\u00e4rer Ansatz, wie der oben beschriebene, es der Gruppe erm\u00f6glicht, ein Qualit\u00e4tsniveau zu erreichen, das Realit\u00e4ten, die nur auf die Bewertung technischer\/technologischer Aspekte ausgerichtet sind, ausschlie\u00dft.<\/p>\n<\/div><\/section><\/p><\/div><div class='flex_column av-rt1bj-6c4708b71cb64b3a676e57ad65b859ef av_one_half  avia-builder-el-7  el_after_av_one_half  el_before_av_one_full  flex_column_div '     ><p>\n<style type=\"text\/css\" data-created_by=\"avia_inline_auto\" id=\"style-css-av-lxc03ycz-08df544ed0705a03007f7629a927a134\">\n#top .hr.hr-invisible.av-lxc03ycz-08df544ed0705a03007f7629a927a134{\nheight:80px;\n}\n<\/style>\n<div  class='hr av-lxc03ycz-08df544ed0705a03007f7629a927a134 hr-invisible  avia-builder-el-8  el_before_av_codeblock  avia-builder-el-first  av-medium-hide av-small-hide av-mini-hide'><span class='hr-inner '><span class=\"hr-inner-style\"><\/span><\/span><\/div><br \/>\n<br \/>\n<\/p><\/div><div class='flex_column av-lxbzxp4p-897bfa6289f1a51db905453941fab407 av_one_full  avia-builder-el-11  el_after_av_one_half  avia-builder-el-last  first flex_column_div column-top-margin'     ><section  class='av_textblock_section av-lxbzy5di-55ad9ab3ab29f087418f5a41c4ca12b1'  itemscope=\"itemscope\" itemtype=\"https:\/\/schema.org\/CreativeWork\" ><div class='avia_textblock'  itemprop=\"text\" ><blockquote>\n<p>Die Vision und die Werte der Aiterna-Gruppe sind in der Interpretation der mit dem Wort Fortschritt <strong>[Pr\u014dgr\u0115d\u012dor]<\/strong> verbundenen Bedeutung zusammengefasst.<\/p>\n<p>&#8222;die Entwicklung hin zu h\u00f6heren und komplexeren Lebensformen, die durch den Fortschritt der Kultur, der wissenschaftlichen und technischen Kenntnisse, der sozialen Organisation, der Erlangung politischer Freiheiten und des wirtschaftlichen Wohlstands angestrebt wird, um der Menschheit eine allgemeine Verbesserung des Lebensstandards und eine gr\u00f6\u00dfere Befreiung von der Not zu verschaffen&#8220;<\/p>\n<footer><em><strong>[Treccani]<\/strong><\/em><\/footer>\n<\/blockquote>\n<\/div><\/section><\/div><\/div><\/div><\/div><!-- close content main div --><\/div><\/div>\n<style type=\"text\/css\" data-created_by=\"avia_inline_auto\" id=\"style-css-av-lxc00mbu-1b7b8fe3502714e060c8f44471b022d4\">\n.avia-section.av-lxc00mbu-1b7b8fe3502714e060c8f44471b022d4{\nbackground-color:#0d0d0d;\nbackground-image:unset;\n}\n<\/style>\n<div id='av_section_3'  class='avia-section av-lxc00mbu-1b7b8fe3502714e060c8f44471b022d4 main_color avia-section-large avia-no-border-styling  avia-builder-el-13  el_after_av_section  el_before_av_section  avia-bg-style-scroll container_wrap fullsize'  ><div class='container av-section-cont-open' ><div class='template-page content  av-content-full alpha units'><div class='post-entry post-entry-type-page post-entry-1001'><div class='entry-content-wrapper clearfix'>\n<div class='flex_column_table av-lxc01jyx-28c5f3696c479ca10a803120102ea241 sc-av_one_half av-equal-height-column-flextable'>\n<style type=\"text\/css\" data-created_by=\"avia_inline_auto\" id=\"style-css-av-lxc01jyx-28c5f3696c479ca10a803120102ea241\">\n.flex_column.av-lxc01jyx-28c5f3696c479ca10a803120102ea241{\nwidth:49%;\nmargin-left:0;\n}\n#top .flex_column_table.av-equal-height-column-flextable.av-lxc01jyx-28c5f3696c479ca10a803120102ea241 .av-flex-placeholder{\nwidth:2%;\n}\n<\/style>\n<div class='flex_column av-lxc01jyx-28c5f3696c479ca10a803120102ea241 av_one_half  avia-builder-el-14  el_before_av_one_half  avia-builder-el-first  first flex_column_table_cell av-equal-height-column av-align-middle '     ><style type=\"text\/css\" data-created_by=\"avia_inline_auto\" id=\"style-css-av-lxc035lw-638cca1bdaf823c03c0b0bc66151561a\">\n#top .av-special-heading.av-lxc035lw-638cca1bdaf823c03c0b0bc66151561a{\npadding-bottom:10px;\ncolor:#ffffff;\nfont-size:50px;\n}\nbody .av-special-heading.av-lxc035lw-638cca1bdaf823c03c0b0bc66151561a .av-special-heading-tag .heading-char{\nfont-size:25px;\n}\n#top #wrap_all .av-special-heading.av-lxc035lw-638cca1bdaf823c03c0b0bc66151561a .av-special-heading-tag{\nfont-size:50px;\n}\n.av-special-heading.av-lxc035lw-638cca1bdaf823c03c0b0bc66151561a .special-heading-inner-border{\nborder-color:#ffffff;\n}\n.av-special-heading.av-lxc035lw-638cca1bdaf823c03c0b0bc66151561a .av-subheading{\nfont-size:15px;\n}\n\n@media only screen and (min-width: 480px) and (max-width: 767px){ \n#top #wrap_all .av-special-heading.av-lxc035lw-638cca1bdaf823c03c0b0bc66151561a .av-special-heading-tag{\nfont-size:0.8em;\n}\n}\n\n@media only screen and (max-width: 479px){ \n#top #wrap_all .av-special-heading.av-lxc035lw-638cca1bdaf823c03c0b0bc66151561a .av-special-heading-tag{\nfont-size:0.8em;\n}\n}\n<\/style>\n<div  class='av-special-heading av-lxc035lw-638cca1bdaf823c03c0b0bc66151561a av-special-heading-h3 custom-color-heading blockquote modern-quote  avia-builder-el-15  avia-builder-el-no-sibling  av-inherit-size'><h3 class='av-special-heading-tag'  itemprop=\"headline\"  >Aiterna<\/h3><div class=\"special-heading-border\"><div class=\"special-heading-inner-border\"><\/div><\/div><\/div><\/div><div class='av-flex-placeholder'><\/div>\n<style type=\"text\/css\" data-created_by=\"avia_inline_auto\" id=\"style-css-av-j7lnr-4f779186347e1fa90619ee3944467d90\">\n.flex_column.av-j7lnr-4f779186347e1fa90619ee3944467d90{\nwidth:49%;\nmargin-left:0;\n}\n#top .flex_column_table.av-equal-height-column-flextable.av-j7lnr-4f779186347e1fa90619ee3944467d90 .av-flex-placeholder{\nwidth:2%;\n}\n<\/style>\n<div class='flex_column av-j7lnr-4f779186347e1fa90619ee3944467d90 av_one_half  avia-builder-el-16  el_after_av_one_half  el_before_av_one_half  flex_column_table_cell av-equal-height-column av-align-middle '     ><\/div><\/div><!--close column table wrapper. Autoclose: 1 -->\n<style type=\"text\/css\" data-created_by=\"avia_inline_auto\" id=\"style-css-av-lxc07svc-4c21a3ffaef5c1e698b0fc405903e72b\">\n#top .flex_column.av-lxc07svc-4c21a3ffaef5c1e698b0fc405903e72b{\nmargin-top:0px;\nmargin-bottom:0px;\n}\n.flex_column.av-lxc07svc-4c21a3ffaef5c1e698b0fc405903e72b{\n-webkit-border-radius:3px 3px 3px 3px;\n-moz-border-radius:3px 3px 3px 3px;\nborder-radius:3px 3px 3px 3px;\npadding:0px 0px 0px 0px;\n}\n.responsive #top #wrap_all .flex_column.av-lxc07svc-4c21a3ffaef5c1e698b0fc405903e72b{\nmargin-top:0px;\nmargin-bottom:0px;\n}\n<\/style>\n<div class='flex_column av-lxc07svc-4c21a3ffaef5c1e698b0fc405903e72b av_one_half  avia-builder-el-17  el_after_av_one_half  el_before_av_one_half  first flex_column_div av-animated-generic left-to-right av-zero-column-padding column-top-margin'     ><style type=\"text\/css\" data-created_by=\"avia_inline_auto\" id=\"style-css-av-lxc0amlb-991f83e0fbc4102bdb2067fc413b9a45\">\n#top .av_textblock_section.av-lxc0amlb-991f83e0fbc4102bdb2067fc413b9a45 .avia_textblock{\nfont-size:15px;\ncolor:#ffffff;\n}\n<\/style>\n<section  class='av_textblock_section av-lxc0amlb-991f83e0fbc4102bdb2067fc413b9a45'  itemscope=\"itemscope\" itemtype=\"https:\/\/schema.org\/CreativeWork\" ><div class='avia_textblock av_inherit_color'  itemprop=\"text\" ><div class=\"ql-block\" data-block-id=\"block-f768d9a5-f42a-41fb-a7bf-471829597b05\">\n<p><strong>Ein international t\u00e4tiges Unternehmen im quart\u00e4ren wirtschaftlichen Makrosektor.<\/strong><\/p>\n<p>Aiterna ist von Anfang an als ein Unternehmen strukturiert, das mit dem arbeiten kann, was wir grunds\u00e4tzlich als das gr\u00f6\u00dfte Gut der Menschheit betrachten: Wissen.<\/p>\n<p>Das R\u00fcckgrat des Unternehmens ist die st\u00e4ndige wissenschaftlich-technologische Forschung und<strong> Entwicklung innovativer<\/strong> Antworten und L\u00f6sungen, um seine Wettbewerbsf\u00e4higkeit auf dem globalen Markt zu <strong>steigern und die in der Pr\u00e4misse der Gruppe,<\/strong> zu der es geh\u00f6rt, genannten Hauptziele weiter zu erreichen.<\/p>\n<p>Wir sind davon \u00fcberzeugt, dass die Schaffung einer Struktur, die auf der st\u00e4ndigen Suche nach<strong> Know-how<\/strong> basiert, heute eines der interessantesten Unternehmen in der sozio\u00f6konomischen Landschaft auf globaler Ebene darstellt.<\/p>\n<p>Wir leben in einer noch nie dagewesenen Periode der Geschichte, und die schiere Menge an Informationen und der schnelle Zugang zu ihnen hat sich als einer der Schl\u00fcsselfaktoren erwiesen, die es der Forschung, den M\u00e4rkten und der ganzen Welt erm\u00f6glicht haben, sich in einem Tempo und einer Geschwindigkeit zu bewegen, die noch vor f\u00fcnfzig Jahren unvorstellbar waren. Der Alltag von uns allen bietet L\u00f6sungen und Forschungen, die noch vor einer Generation Gegenstand von Science-Fiction-Literatur waren.<\/p>\n<\/div>\n<\/div><\/section><\/div>\n<style type=\"text\/css\" data-created_by=\"avia_inline_auto\" id=\"style-css-av-lxc09dyf-730223c43fec96e0029533a2811acd86\">\n#top .flex_column.av-lxc09dyf-730223c43fec96e0029533a2811acd86{\nmargin-top:0px;\nmargin-bottom:0px;\n}\n.flex_column.av-lxc09dyf-730223c43fec96e0029533a2811acd86{\n-webkit-border-radius:3px 3px 3px 3px;\n-moz-border-radius:3px 3px 3px 3px;\nborder-radius:3px 3px 3px 3px;\n}\n.responsive #top #wrap_all .flex_column.av-lxc09dyf-730223c43fec96e0029533a2811acd86{\nmargin-top:0px;\nmargin-bottom:0px;\n}\n<\/style>\n<div class='flex_column av-lxc09dyf-730223c43fec96e0029533a2811acd86 av_one_half  avia-builder-el-19  el_after_av_one_half  avia-builder-el-last  flex_column_div av-animated-generic left-to-right column-top-margin'     ><p>\n<style type=\"text\/css\" data-created_by=\"avia_inline_auto\" id=\"style-css-av-lxc0ba5t-f7fb113d5b14044544a569d5a835647f\">\n#top .av_textblock_section.av-lxc0ba5t-f7fb113d5b14044544a569d5a835647f .avia_textblock{\nfont-size:15px;\ncolor:#ffffff;\n}\n<\/style>\n<section  class='av_textblock_section av-lxc0ba5t-f7fb113d5b14044544a569d5a835647f'  itemscope=\"itemscope\" itemtype=\"https:\/\/schema.org\/CreativeWork\" ><div class='avia_textblock av_inherit_color'  itemprop=\"text\" ><p>So gewaltig die Fortschritte in Bezug auf Wissen und Technologie auch waren, der erreichte Punkt kann nur der Anfang sein, denn der Instinkt des Menschen wird immer darin bestehen, sein Verst\u00e4ndnis f\u00fcr seine Umgebung zu erweitern und sein Lebensumfeld zu verbessern.<\/p>\n<\/div><\/section><br \/>\n\n<style type=\"text\/css\" data-created_by=\"avia_inline_auto\" id=\"style-css-av-lxc0bopl-65cf0137a8a660758cd8dadb4aa9db61\">\n#top .av_textblock_section.av-lxc0bopl-65cf0137a8a660758cd8dadb4aa9db61 .avia_textblock{\nfont-size:15px;\ncolor:#ffffff;\n}\n<\/style>\n<section  class='av_textblock_section av-lxc0bopl-65cf0137a8a660758cd8dadb4aa9db61'  itemscope=\"itemscope\" itemtype=\"https:\/\/schema.org\/CreativeWork\" ><div class='avia_textblock av_inherit_color'  itemprop=\"text\" ><p><strong>Datenwissenschaft, Blockchain und k\u00fcnstliche Intelligenz stehen im Mittelpunkt des gesamten unternehmerischen Projekts.<\/strong><\/p>\n<\/div><\/section><br \/>\n\n<style type=\"text\/css\" data-created_by=\"avia_inline_auto\" id=\"style-css-av-lxc0c75m-b4926a0db928b7b36e9279bdffc3711c\">\n#top .av_textblock_section.av-lxc0c75m-b4926a0db928b7b36e9279bdffc3711c .avia_textblock{\nfont-size:15px;\ncolor:#ffffff;\n}\n<\/style>\n<section  class='av_textblock_section av-lxc0c75m-b4926a0db928b7b36e9279bdffc3711c'  itemscope=\"itemscope\" itemtype=\"https:\/\/schema.org\/CreativeWork\" ><div class='avia_textblock av_inherit_color'  itemprop=\"text\" ><p>In den letzten zwei Jahrzehnten haben sich Daten, ihre Verarbeitung und die anschlie\u00dfende kritische Analyse der Ergebnisse nicht mehr als vorwiegend akademische Studienf\u00e4cher erwiesen, sondern sind zu einer au\u00dfergew\u00f6hnlichen und wertvollen Ressource mutiert, die zu Recht die Bezeichnung unverzichtbarer Rohstoff f\u00fcr die heutige vierte industrielle Revolution verdient. Der britische Mathematiker Clive Humby schrieb 2006, dass <strong>&#8222;Daten das neue \u00d6l sind&#8220;<\/strong>, und auf diesem Konzept hat Aiterna die Eckpfeiler seines unternehmerischen Projekts errichtet.<\/p>\n<p>Das Unternehmen sieht in der Datenwissenschaft und in der Entwicklung von Systemen der k\u00fcnstlichen Intelligenz nicht nur die technologischen Schl\u00fcsseldisziplinen f\u00fcr seine Gesch\u00e4ftsmodelle, sondern vor allem den Grundstein, der einen unverzichtbaren strategischen Wert f\u00fcr die Zukunft jedes sozio\u00f6konomischen Kontextes garantieren kann.<\/p>\n<\/div><\/section><\/p><\/div>\n<\/p>\n<\/div><\/div><\/div><!-- close content main div --><\/div><\/div><div id='av_section_4'  class='avia-section av-lxc0rcx4-0ef1ee6b10a9ee43da7a624fd6a9a1df main_color avia-section-small avia-no-border-styling  avia-builder-el-23  el_after_av_section  avia-builder-el-last  avia-bg-style-scroll av-minimum-height av-minimum-height-50  container_wrap fullsize'   data-av_minimum_height_pc='50'><div class='container av-section-cont-open' ><div class='template-page content  av-content-full alpha units'><div class='post-entry post-entry-type-page post-entry-1001'><div class='entry-content-wrapper clearfix'>\n\n<style type=\"text\/css\" data-created_by=\"avia_inline_auto\" id=\"style-css-av-lxc0su16-9b5bdd5e77fec1bbed06a49963b70eaf\">\n#top .av-special-heading.av-lxc0su16-9b5bdd5e77fec1bbed06a49963b70eaf{\nmargin:50px 0 0 0;\npadding-bottom:50px;\nfont-size:40px;\n}\nbody .av-special-heading.av-lxc0su16-9b5bdd5e77fec1bbed06a49963b70eaf .av-special-heading-tag .heading-char{\nfont-size:25px;\n}\n#top #wrap_all .av-special-heading.av-lxc0su16-9b5bdd5e77fec1bbed06a49963b70eaf .av-special-heading-tag{\nfont-size:40px;\n}\n.av-special-heading.av-lxc0su16-9b5bdd5e77fec1bbed06a49963b70eaf .av-subheading{\nfont-size:15px;\n}\n\n@media only screen and (min-width: 480px) and (max-width: 767px){ \n#top #wrap_all .av-special-heading.av-lxc0su16-9b5bdd5e77fec1bbed06a49963b70eaf .av-special-heading-tag{\nfont-size:0.8em;\n}\n}\n\n@media only screen and (max-width: 479px){ \n#top #wrap_all .av-special-heading.av-lxc0su16-9b5bdd5e77fec1bbed06a49963b70eaf .av-special-heading-tag{\nfont-size:0.8em;\n}\n}\n<\/style>\n<div  class='av-special-heading av-lxc0su16-9b5bdd5e77fec1bbed06a49963b70eaf av-special-heading-h2 blockquote modern-quote modern-centered  avia-builder-el-24  el_before_av_one_half  avia-builder-el-first  av-inherit-size'><h2 class='av-special-heading-tag'  itemprop=\"headline\"  >ERKUNDEN SIE ANDERE UNTERNEHMEN DER GRUPPE<\/h2><div class=\"special-heading-border\"><div class=\"special-heading-inner-border\"><\/div><\/div><\/div>\n<div class='flex_column av-gautr-5c8a38ab6354654ad9980a6a9d25092b av_one_half  avia-builder-el-25  el_after_av_heading  el_before_av_one_half  first flex_column_div '     ><\/div><div class='flex_column av-84nrz-b789b4a68afeb2af95c4d2aa046b9325 av_one_half  avia-builder-el-27  el_after_av_one_half  el_before_av_hr  flex_column_div '     ><\/div>\n<style type=\"text\/css\" data-created_by=\"avia_inline_auto\" id=\"style-css-av-lxc0y1vk-3766c10007681256c9af95941d19f3a3\">\n#top .hr.av-lxc0y1vk-3766c10007681256c9af95941d19f3a3{\nmargin-top:30px;\nmargin-bottom:30px;\n}\n.hr.av-lxc0y1vk-3766c10007681256c9af95941d19f3a3 .hr-inner{\nwidth:90%;\nborder-color:#0f0f0f;\n}\n<\/style>\n<div  class='hr av-lxc0y1vk-3766c10007681256c9af95941d19f3a3 hr-custom  avia-builder-el-29  el_after_av_one_half  avia-builder-el-last  hr-center hr-icon-no'><span class='hr-inner inner-border-av-border-thin'><span class=\"hr-inner-style\"><\/span><\/span><\/div>\n\n","protected":false},"excerpt":{"rendered":"","protected":false},"author":1,"featured_media":0,"parent":0,"menu_order":0,"comment_status":"closed","ping_status":"closed","template":"","meta":[],"aioseo_notices":[],"_links":{"self":[{"href":"https:\/\/aiterna.com\/de\/wp-json\/wp\/v2\/pages\/1001"}],"collection":[{"href":"https:\/\/aiterna.com\/de\/wp-json\/wp\/v2\/pages"}],"about":[{"href":"https:\/\/aiterna.com\/de\/wp-json\/wp\/v2\/types\/page"}],"author":[{"embeddable":true,"href":"https:\/\/aiterna.com\/de\/wp-json\/wp\/v2\/users\/1"}],"replies":[{"embeddable":true,"href":"https:\/\/aiterna.com\/de\/wp-json\/wp\/v2\/comments?post=1001"}],"version-history":[{"count":24,"href":"https:\/\/aiterna.com\/de\/wp-json\/wp\/v2\/pages\/1001\/revisions"}],"predecessor-version":[{"id":1615,"href":"https:\/\/aiterna.com\/de\/wp-json\/wp\/v2\/pages\/1001\/revisions\/1615"}],"wp:attachment":[{"href":"https:\/\/aiterna.com\/de\/wp-json\/wp\/v2\/media?parent=1001"}],"curies":[{"name":"wp","href":"https:\/\/api.w.org\/{rel}","templated":true}]}}