{"id":1281,"date":"2024-06-19T15:13:20","date_gmt":"2024-06-19T15:13:20","guid":{"rendered":"https:\/\/aiterna.com\/?page_id=1281"},"modified":"2024-06-19T15:15:17","modified_gmt":"2024-06-19T15:15:17","slug":"cookie-policy","status":"publish","type":"page","link":"https:\/\/aiterna.com\/de\/cookie-policy\/","title":{"rendered":"Cookie Policy"},"content":{"rendered":"<\/p>\n\n<style type=\"text\/css\" data-created_by=\"avia_inline_auto\" id=\"style-css-av-lxbzic9n-3d32bfdd5335e1911a34dfd9748655cd\">\n.avia-section.av-lxbzic9n-3d32bfdd5335e1911a34dfd9748655cd{\nbackground-color:#0d0d0d;\nbackground-image:url(https:\/\/aiterna.com\/wp-content\/uploads\/2024\/06\/Aiterna_Logo_bg_opacity-1-300x259.png);\nbackground-repeat:no-repeat;\nbackground-position:50% 50%;\nbackground-attachment:scroll;\n}\n.avia-section.av-lxbzic9n-3d32bfdd5335e1911a34dfd9748655cd .av-section-color-overlay{\nopacity:0.6;\nbackground-color:#0d0d0d;\n}\n#top .avia-section.av-lxbzic9n-3d32bfdd5335e1911a34dfd9748655cd .scroll-down-link{\ncolor:#ffffff;\n}\n<\/style>\n<div id='av_section_1'  class='avia-section av-lxbzic9n-3d32bfdd5335e1911a34dfd9748655cd main_color avia-section-no-padding avia-no-border-styling  avia-builder-el-0  el_before_av_section  avia-builder-el-first  avia-full-contain avia-bg-style-scroll av-section-color-overlay-active av-minimum-height av-minimum-height-50  container_wrap fullsize'  data-section-bg-repeat='contain' data-av_minimum_height_pc='50'><div class=\"av-section-color-overlay-wrap\"><div class=\"av-section-color-overlay\"><\/div><a href='#next-section' title='' class='scroll-down-link av-custom-scroll-down-color' aria-hidden='true' data-av_icon='\ue877' data-av_iconfont='entypo-fontello'><\/a><div class='container av-section-cont-open' ><main  role=\"main\" itemprop=\"mainContentOfPage\"  class='template-page content  av-content-full alpha units'><div class='post-entry post-entry-type-page post-entry-1281'><div class='entry-content-wrapper clearfix'>\n<\/p>\n\n<style type=\"text\/css\" data-created_by=\"avia_inline_auto\" id=\"style-css-av-lxbzk3kw-22a507387d51a5da366dbfd613ac43ff\">\n#top .flex_column.av-lxbzk3kw-22a507387d51a5da366dbfd613ac43ff{\nmargin-top:0px;\nmargin-bottom:0px;\n}\n.flex_column.av-lxbzk3kw-22a507387d51a5da366dbfd613ac43ff{\n-webkit-border-radius:0px 0px 0px 0px;\n-moz-border-radius:0px 0px 0px 0px;\nborder-radius:0px 0px 0px 0px;\npadding:0px 0px 0px 0px;\n}\n.responsive #top #wrap_all .flex_column.av-lxbzk3kw-22a507387d51a5da366dbfd613ac43ff{\nmargin-top:0px;\nmargin-bottom:0px;\n}\n<\/style>\n<div class='flex_column av-lxbzk3kw-22a507387d51a5da366dbfd613ac43ff av_one_full  avia-builder-el-1  avia-builder-el-no-sibling  first flex_column_div av-animated-generic left-to-right av-zero-column-padding '     ><style type=\"text\/css\" data-created_by=\"avia_inline_auto\" id=\"style-css-av-lxbzolu5-43322edc5ce9634aa908bfc8fcd0aa05\">\n#top .av-special-heading.av-lxbzolu5-43322edc5ce9634aa908bfc8fcd0aa05{\nmargin:0 0 50px 0;\npadding-bottom:0;\ncolor:#ffffff;\nfont-size:5vw;\n}\nbody .av-special-heading.av-lxbzolu5-43322edc5ce9634aa908bfc8fcd0aa05 .av-special-heading-tag .heading-char{\nfont-size:25px;\n}\n#top #wrap_all .av-special-heading.av-lxbzolu5-43322edc5ce9634aa908bfc8fcd0aa05 .av-special-heading-tag{\nfont-size:5vw;\n}\n.av-special-heading.av-lxbzolu5-43322edc5ce9634aa908bfc8fcd0aa05 .special-heading-inner-border{\nborder-color:#ffffff;\n}\n.av-special-heading.av-lxbzolu5-43322edc5ce9634aa908bfc8fcd0aa05 .av-subheading{\nfont-size:25px;\n}\n\n@media only screen and (min-width: 480px) and (max-width: 767px){ \n#top #wrap_all .av-special-heading.av-lxbzolu5-43322edc5ce9634aa908bfc8fcd0aa05 .av-special-heading-tag{\nfont-size:0.8em;\n}\n}\n\n@media only screen and (max-width: 479px){ \n#top #wrap_all .av-special-heading.av-lxbzolu5-43322edc5ce9634aa908bfc8fcd0aa05 .av-special-heading-tag{\nfont-size:0.8em;\n}\n}\n<\/style>\n<div  class='av-special-heading av-lxbzolu5-43322edc5ce9634aa908bfc8fcd0aa05 av-special-heading-h1 custom-color-heading blockquote modern-quote modern-centered  avia-builder-el-2  avia-builder-el-no-sibling  av-inherit-size'><h1 class='av-special-heading-tag'  itemprop=\"headline\"  >Cookie Policy<\/h1><div class=\"special-heading-border\"><div class=\"special-heading-inner-border\"><\/div><\/div><\/div><\/div>\n\n<\/div><\/div><\/main><!-- close content main element --><\/div><\/div><\/div><div id='av_section_2'  class='avia-section av-lxbzqnsu-633e2101d2159af1a97aa68d4985d918 main_color avia-section-large avia-no-border-styling  avia-builder-el-3  el_after_av_section  avia-builder-el-last  avia-bg-style-scroll container_wrap fullsize'  ><div class='container av-section-cont-open' ><div class='template-page content  av-content-full alpha units'><div class='post-entry post-entry-type-page post-entry-1281'><div class='entry-content-wrapper clearfix'>\n<section  class='av_textblock_section av-lxen7hw9-d597b11368ab8cdea4c515c67119d071'  itemscope=\"itemscope\" itemtype=\"https:\/\/schema.org\/CreativeWork\" ><div class='avia_textblock'  itemprop=\"text\" ><p><strong>Damit die aiterna-Websites ordnungsgem\u00e4\u00df funktionieren, legen wir manchmal kleine Datendateien, so genannte Cookies, auf Ihrem Ger\u00e4t ab.<\/strong><\/p>\n<p><strong>Verwendung von Cookies<\/strong><\/p>\n<p>Die Website <a href=\"https:\/\/aiterna.com\/\">https:\/\/aiterna.com\/<\/a> verwendet Cookies, um ihre Dienste f\u00fcr die Nutzer, die ihre Seiten besuchen, einfach und effizient zu gestalten. Benutzer, die die Website besuchen, sehen minimale Mengen an Informationen, die in kleinen Textdateien, den so genannten &#8222;Cookies&#8220;, die in den vom Webbrowser des Benutzers verwendeten Verzeichnissen gespeichert werden, auf ihren Ger\u00e4ten, seien es Computer oder mobile Ger\u00e4te, abgelegt werden. Es gibt verschiedene Arten von Cookies, von denen einige dazu dienen, die Nutzung der Website effizienter zu gestalten, andere wiederum, um bestimmte Funktionen zu erm\u00f6glichen.<\/p>\n<p>Bei einer detaillierten Analyse erm\u00f6glichen Cookies unter anderem:<\/p>\n<ul>\n<li aria-level=\"1\">die von Ihnen eingegebenen Pr\u00e4ferenzen zu speichern;<\/li>\n<li aria-level=\"1\">zu vermeiden, dass Sie w\u00e4hrend eines Besuchs mehrmals dieselben Informationen eingeben m\u00fcssen, wie z. B. Benutzername und Passwort;<\/li>\n<li aria-level=\"1\">die Nutzung der von <a href=\"https:\/\/aiterna.com\/\">https:\/\/aiterna.com\/<\/a> angebotenen Dienste und Inhalte zu analysieren, um das Surferlebnis und die angebotenen Dienste zu optimieren.<\/li>\n<\/ul>\n<p><strong>Arten von Cookies<\/strong><\/p>\n<p style=\"padding-left: 40px;\"><strong>Technische Cookies<\/strong><\/p>\n<p style=\"padding-left: 40px;\">Diese Art von Cookies erm\u00f6glicht das korrekte Funktionieren bestimmter Bereiche der Website. Es gibt zwei Kategorien: Dauerhafte Cookies und Sitzungscookies:<\/p>\n<ul>\n<li style=\"list-style-type: none;\">\n<ul>\n<li style=\"list-style-type: none;\">\n<ul>\n<li>Persistent: Sie werden nach dem Schlie\u00dfen des Browsers nicht zerst\u00f6rt, sondern bleiben bis zu einem bestimmten Ablaufdatum in Verwendung;<\/li>\n<li>Session: Sie werden bei jedem Schlie\u00dfen des Browsers zerst\u00f6rt;<\/li>\n<\/ul>\n<\/li>\n<\/ul>\n<\/li>\n<\/ul>\n<p style=\"padding-left: 40px;\">Diese Cookies, die immer von unserer Domain generiert werden, sind f\u00fcr die korrekte Darstellung der Website und der angebotenen technischen Dienstleistungen notwendig und werden immer verwendet und gesendet, es sei denn, der Nutzer \u00e4ndert die Einstellungen seines Browsers (was die Anzeige der Seiten der Website beeintr\u00e4chtigt).<\/p>\n<p style=\"padding-left: 40px;\"><strong>Analytische Cookies<\/strong><\/p>\n<p style=\"padding-left: 40px;\">Die Cookies dieser Kategorie werden verwendet, um Informationen \u00fcber die Nutzung der Website zu sammeln.<a href=\"https:\/\/aiterna.com\/\"> https:\/\/aiterna.com\/<\/a> verwendet diese Informationen, um anonyme statistische Analysen zu erstellen, um die Nutzung der Website zu verbessern und die Inhalte interessanter und relevanter f\u00fcr die W\u00fcnsche der Nutzer zu gestalten. Diese Art von Cookies sammelt in anonymer Form Daten \u00fcber die Aktivit\u00e4ten der Nutzer und dar\u00fcber, wie sie auf die Website gelangt sind. Analytische Cookies werden von der Website selbst oder von Dom\u00e4nen Dritter gesendet.<\/p>\n<p style=\"padding-left: 40px;\"><strong>Analytische Cookies von Drittanbietern<\/strong><\/p>\n<p style=\"padding-left: 40px;\">Diese Cookies werden verwendet, um Informationen \u00fcber die Nutzung der Website in anonymer Form zu sammeln, wie zum Beispiel: besuchte Seiten, Verweildauer, Herkunft des Verkehrs, geografische Herkunft, Alter, Geschlecht und Interessen f\u00fcr Marketingkampagnen. Diese Cookies werden von Drittanbieter-Dom\u00e4nen au\u00dferhalb der Website gesendet.<\/p>\n<p style=\"padding-left: 40px;\"><strong>Cookies f\u00fcr die Integration von Produkten und Softwarefunktionen von Drittanbietern<\/strong><\/p>\n<p style=\"padding-left: 40px;\">Diese Art von Cookies dient der Integration von Funktionen, die von Dritten auf den Seiten der Website entwickelt wurden, wie z. B. Icons und Pr\u00e4ferenzen, die in sozialen Netzwerken f\u00fcr die gemeinsame Nutzung von Inhalten auf der Website oder f\u00fcr die Nutzung von Softwarediensten Dritter (z. B. Software zur Erstellung von Karten und andere Software, die zus\u00e4tzliche Dienste anbietet). Diese Cookies werden von Dom\u00e4nen Dritter und von Partner-Websites gesendet, die ihre Funktionen zwischen den Seiten der Website anbieten.<\/p>\n<p style=\"padding-left: 40px;\"><strong>Profilierungs-Cookies<\/strong><\/p>\n<p style=\"padding-left: 40px;\">Dies sind Cookies, die zur Erstellung von Nutzerprofilen erforderlich sind, um Werbebotschaften entsprechend den vom Nutzer auf den Seiten der Website ge\u00e4u\u00dferten Pr\u00e4ferenzen zu versenden.<\/p>\n<p style=\"padding-left: 40px;\">F\u00fcr alle anderen Arten von Cookies kann die Zustimmung des Nutzers auf eine oder mehrere der folgenden Arten erfolgen:<\/p>\n<ul>\n<li style=\"list-style-type: none;\">\n<ul>\n<li style=\"list-style-type: none;\">\n<ul>\n<li>Durch spezifische Konfigurationen des verwendeten Browsers oder der entsprechenden Computerprogramme, die zum Navigieren auf den Seiten der Website verwendet werden;<\/li>\n<li>Durch \u00c4nderung der Einstellungen bei der Nutzung von Diensten Dritter;<\/li>\n<li>Beide L\u00f6sungen k\u00f6nnen Sie daran hindern, Teile der Website zu nutzen oder anzusehen;<\/li>\n<\/ul>\n<\/li>\n<\/ul>\n<\/li>\n<\/ul>\n<p><strong>Websites und Dienste von Drittanbietern<\/strong><\/p>\n<p>Die Website kann Links zu anderen Websites enthalten, die ihre eigenen Datenschutzrichtlinien haben, die sich von denen von Aiterna unterscheiden k\u00f6nnen; Aiterna ist daher nicht verantwortlich f\u00fcr die Software auf diesen Websites.<\/p>\n<p><strong>Liste der Cookies<\/strong><\/p>\n<div class=\"cky-audit-table-element\"><\/div>\n<h5 style=\"margin-bottom: 20px;\">VERWALTUNG DER COOKIE-EINSTELLUNGEN<\/h5>\n<p><a class=\"cky-banner-element\">Cookie-Einstellungen<\/a><\/p>\n<p><strong>\u00dcber Cookies<\/strong><\/p>\n<p>Google verwendet Cookies, wie z. B. PREF-, NID- und SID-Cookies, um Anzeigen auf Google-Eigenschaften wie der Google-Suche zu personalisieren. Sie werden beispielsweise verwendet, um Ihre letzten Suchanfragen, Ihre fr\u00fcheren Interaktionen mit den Anzeigen oder Suchergebnissen eines Inserenten und Ihre Besuche auf der Website eines Inserenten zu speichern. Dadurch k\u00f6nnen wir personalisierte Anzeigen auf Google reproduzieren und anzeigen.<\/p>\n<p><strong>Deaktivieren von Cookies \u00fcber die Browser-Konfiguration<\/strong><\/p>\n<p>Wenn Sie mehr dar\u00fcber erfahren m\u00f6chten, wie Ihr Browser Cookies beim Surfen speichert, folgen Sie bitte den unten stehenden Links zu den Websites der jeweiligen Anbieter.<\/p>\n<p><strong>Mozilla Firefox:<\/strong>\u00a0<a href=\"https:\/\/support.mozilla.org\/it\/kb\/Gestione%20d%20cookie\">https:\/\/support.mozilla.org\/it\/kb\/Gestione%20d%20cookie<\/a><\/p>\n<p><strong>Google Chrome:<\/strong>\u00a0<a href=\"https:\/\/support.google.com\/chrome\/answer\/95647?hl=en\">https:\/\/support.google.com\/chrome\/answer\/95647?hl=en<\/a><\/p>\n<p><strong>Internet Explorer:<\/strong>\u00a0<a href=\"http:\/\/windows.microsoft.com\/it-it\/windows-vista\/blockor-allow-cookies\">http:\/\/windows.microsoft.com\/it-it\/windows-vista\/blockor-allow-cookies<\/a><\/p>\n<p><strong>Safari 6\/7 Mavericks:<\/strong>\u00a0<a href=\"https:\/\/support.apple.com\/kb\/PH17191viewlocale=it_IT&#038;locale=it_IT\">https:\/\/support.apple.com\/kb\/PH17191viewlocale=it_IT&#038;locale=it_IT<\/a><\/p>\n<p><strong>Safari 8 Yosemite:<\/strong>\u00a0<a href=\"https:\/\/support.apple.com\/kb\/PH19214viewlocale=it_IT&#038;locale=it_IT\">https:\/\/support.apple.com\/kb\/PH19214viewlocale=it_IT&#038;locale=it_IT<\/a><\/p>\n<p><strong>Safari on iPhone, iPad, or iPod touch:<\/strong>\u00a0<a href=\"https:\/\/support.apple.com\/it-it\/HT201265\">https:\/\/support.apple.com\/it-it\/HT201265<\/a><\/p>\n<p><strong>Aktualisierungen dieser Richtlinie<\/strong><\/p>\n<p>Wir haben uns bem\u00fcht, sicherzustellen, dass dies eine vollst\u00e4ndige Liste aller Cookies ist, die derzeit von den Websites verwendet werden, und wir bem\u00fchen uns, diese Cookie-Richtlinie auf dem neuesten Stand zu halten. Sie sollten diese Seite von Zeit zu Zeit \u00fcberpr\u00fcfen, um etwaige \u00c4nderungen zur Kenntnis zu nehmen. Ungeachtet dessen ist es m\u00f6glich, dass die Liste unvollst\u00e4ndig oder veraltet ist. Wenn Sie eine Best\u00e4tigung der von uns zu einem bestimmten Zeitpunkt verwendeten Cookies w\u00fcnschen, wenden Sie sich bitte an: <a href=\"mailto:info@aiterna.com\">info@aiterna.com<\/a><\/p>\n<\/div><\/section>\n\n","protected":false},"excerpt":{"rendered":"","protected":false},"author":1,"featured_media":0,"parent":0,"menu_order":0,"comment_status":"closed","ping_status":"closed","template":"","meta":[],"aioseo_notices":[],"_links":{"self":[{"href":"https:\/\/aiterna.com\/de\/wp-json\/wp\/v2\/pages\/1281"}],"collection":[{"href":"https:\/\/aiterna.com\/de\/wp-json\/wp\/v2\/pages"}],"about":[{"href":"https:\/\/aiterna.com\/de\/wp-json\/wp\/v2\/types\/page"}],"author":[{"embeddable":true,"href":"https:\/\/aiterna.com\/de\/wp-json\/wp\/v2\/users\/1"}],"replies":[{"embeddable":true,"href":"https:\/\/aiterna.com\/de\/wp-json\/wp\/v2\/comments?post=1281"}],"version-history":[{"count":10,"href":"https:\/\/aiterna.com\/de\/wp-json\/wp\/v2\/pages\/1281\/revisions"}],"predecessor-version":[{"id":1518,"href":"https:\/\/aiterna.com\/de\/wp-json\/wp\/v2\/pages\/1281\/revisions\/1518"}],"wp:attachment":[{"href":"https:\/\/aiterna.com\/de\/wp-json\/wp\/v2\/media?parent=1281"}],"curies":[{"name":"wp","href":"https:\/\/api.w.org\/{rel}","templated":true}]}}