{"id":1288,"date":"2024-06-19T15:10:17","date_gmt":"2024-06-19T15:10:17","guid":{"rendered":"https:\/\/aiterna.com\/?page_id=1288"},"modified":"2024-06-19T15:16:36","modified_gmt":"2024-06-19T15:16:36","slug":"privacy-policy","status":"publish","type":"page","link":"https:\/\/aiterna.com\/de\/privacy-policy\/","title":{"rendered":"Privacy Policy"},"content":{"rendered":"<\/p>\n\n<style type=\"text\/css\" data-created_by=\"avia_inline_auto\" id=\"style-css-av-lxbzic9n-3d32bfdd5335e1911a34dfd9748655cd\">\n.avia-section.av-lxbzic9n-3d32bfdd5335e1911a34dfd9748655cd{\nbackground-color:#0d0d0d;\nbackground-image:url(https:\/\/aiterna.com\/wp-content\/uploads\/2024\/06\/Aiterna_Logo_bg_opacity-1-300x259.png);\nbackground-repeat:no-repeat;\nbackground-position:50% 50%;\nbackground-attachment:scroll;\n}\n.avia-section.av-lxbzic9n-3d32bfdd5335e1911a34dfd9748655cd .av-section-color-overlay{\nopacity:0.6;\nbackground-color:#0d0d0d;\n}\n#top .avia-section.av-lxbzic9n-3d32bfdd5335e1911a34dfd9748655cd .scroll-down-link{\ncolor:#ffffff;\n}\n<\/style>\n<div id='av_section_1'  class='avia-section av-lxbzic9n-3d32bfdd5335e1911a34dfd9748655cd main_color avia-section-no-padding avia-no-border-styling  avia-builder-el-0  el_before_av_section  avia-builder-el-first  avia-full-contain avia-bg-style-scroll av-section-color-overlay-active av-minimum-height av-minimum-height-50  container_wrap fullsize'  data-section-bg-repeat='contain' data-av_minimum_height_pc='50'><div class=\"av-section-color-overlay-wrap\"><div class=\"av-section-color-overlay\"><\/div><a href='#next-section' title='' class='scroll-down-link av-custom-scroll-down-color' aria-hidden='true' data-av_icon='\ue877' data-av_iconfont='entypo-fontello'><\/a><div class='container av-section-cont-open' ><main  role=\"main\" itemprop=\"mainContentOfPage\"  class='template-page content  av-content-full alpha units'><div class='post-entry post-entry-type-page post-entry-1288'><div class='entry-content-wrapper clearfix'>\n<\/p>\n\n<style type=\"text\/css\" data-created_by=\"avia_inline_auto\" id=\"style-css-av-lxbzk3kw-22a507387d51a5da366dbfd613ac43ff\">\n#top .flex_column.av-lxbzk3kw-22a507387d51a5da366dbfd613ac43ff{\nmargin-top:0px;\nmargin-bottom:0px;\n}\n.flex_column.av-lxbzk3kw-22a507387d51a5da366dbfd613ac43ff{\n-webkit-border-radius:0px 0px 0px 0px;\n-moz-border-radius:0px 0px 0px 0px;\nborder-radius:0px 0px 0px 0px;\npadding:0px 0px 0px 0px;\n}\n.responsive #top #wrap_all .flex_column.av-lxbzk3kw-22a507387d51a5da366dbfd613ac43ff{\nmargin-top:0px;\nmargin-bottom:0px;\n}\n<\/style>\n<div class='flex_column av-lxbzk3kw-22a507387d51a5da366dbfd613ac43ff av_one_full  avia-builder-el-1  avia-builder-el-no-sibling  first flex_column_div av-animated-generic left-to-right av-zero-column-padding '     ><style type=\"text\/css\" data-created_by=\"avia_inline_auto\" id=\"style-css-av-lxbzolu5-796f5fdbb444127dabcc8d3bd3e9f755\">\n#top .av-special-heading.av-lxbzolu5-796f5fdbb444127dabcc8d3bd3e9f755{\nmargin:0 0 50px 0;\npadding-bottom:0;\ncolor:#ffffff;\nfont-size:5vw;\n}\nbody .av-special-heading.av-lxbzolu5-796f5fdbb444127dabcc8d3bd3e9f755 .av-special-heading-tag .heading-char{\nfont-size:25px;\n}\n#top #wrap_all .av-special-heading.av-lxbzolu5-796f5fdbb444127dabcc8d3bd3e9f755 .av-special-heading-tag{\nfont-size:5vw;\n}\n.av-special-heading.av-lxbzolu5-796f5fdbb444127dabcc8d3bd3e9f755 .special-heading-inner-border{\nborder-color:#ffffff;\n}\n.av-special-heading.av-lxbzolu5-796f5fdbb444127dabcc8d3bd3e9f755 .av-subheading{\nfont-size:25px;\n}\n\n@media only screen and (min-width: 480px) and (max-width: 767px){ \n#top #wrap_all .av-special-heading.av-lxbzolu5-796f5fdbb444127dabcc8d3bd3e9f755 .av-special-heading-tag{\nfont-size:0.8em;\n}\n}\n\n@media only screen and (max-width: 479px){ \n#top #wrap_all .av-special-heading.av-lxbzolu5-796f5fdbb444127dabcc8d3bd3e9f755 .av-special-heading-tag{\nfont-size:0.8em;\n}\n}\n<\/style>\n<div  class='av-special-heading av-lxbzolu5-796f5fdbb444127dabcc8d3bd3e9f755 av-special-heading-h1 custom-color-heading blockquote modern-quote modern-centered  avia-builder-el-2  avia-builder-el-no-sibling  av-inherit-size'><h1 class='av-special-heading-tag'  itemprop=\"headline\"  >Privacy Policy<\/h1><div class=\"special-heading-border\"><div class=\"special-heading-inner-border\"><\/div><\/div><\/div><\/div>\n\n<\/div><\/div><\/main><!-- close content main element --><\/div><\/div><\/div><div id='av_section_2'  class='avia-section av-lxbzqnsu-633e2101d2159af1a97aa68d4985d918 main_color avia-section-large avia-no-border-styling  avia-builder-el-3  el_after_av_section  avia-builder-el-last  avia-bg-style-scroll container_wrap fullsize'  ><div class='container av-section-cont-open' ><div class='template-page content  av-content-full alpha units'><div class='post-entry post-entry-type-page post-entry-1288'><div class='entry-content-wrapper clearfix'>\n<div class='flex_column av-lxbzxp4p-897bfa6289f1a51db905453941fab407 av_one_full  avia-builder-el-4  avia-builder-el-no-sibling  first flex_column_div '     ><section  class='av_textblock_section av-lxbzy5di-55ad9ab3ab29f087418f5a41c4ca12b1'  itemscope=\"itemscope\" itemtype=\"https:\/\/schema.org\/CreativeWork\" ><div class='avia_textblock'  itemprop=\"text\" ><p>Zweck dieser Datenschutzrichtlinie ist es, zu beschreiben, wie die Website <a href=\"https:\/\/aiterna.com\/\">https:\/\/aiterna.com\/<\/a> (im Folgenden &#8222;Website&#8220;) im Hinblick auf die Verarbeitung der personenbezogenen Daten der Nutzer verwaltet wird.<\/p>\n<p>Die Verarbeitung von Daten umfasst jeden Vorgang oder jede Reihe von Vorg\u00e4ngen, die auch ohne elektronische Hilfsmittel durchgef\u00fchrt werden, wie in Artikel 4 der Verordnung (EU) 2016\/679 (im Folgenden &#8222;Verordnung&#8220;) vorgesehen.<\/p>\n<p>Diese allgemeinen Informationen werden gem\u00e4\u00df Artikel 13 der Verordnung zum Schutz nat\u00fcrlicher Personen bei der Verarbeitung personenbezogener Daten und zum freien Datenverkehr sowie gem\u00e4\u00df dem Bundesgesetz \u00fcber den Datenschutz und sp\u00e4teren \u00c4nderungen und Erg\u00e4nzungen f\u00fcr alle Nutzer bereitgestellt, die die von der Aiterna GmbH mit Sitz an der Neuhofstra\u00dfe 5A, 6340 Baar, Zug ZG (im Folgenden &#8222;Eigent\u00fcmer&#8220; oder &#8222;aiterna&#8220;) \u00fcber die Website bereitgestellten Dienste konsultieren und, ganz allgemein, mit ihnen interagieren.<\/p>\n<p>In diesem Informationsschreiben erl\u00e4utern wir, zu welchem Zweck und auf welche Weise der Inhaber Ihre personenbezogenen Daten erhebt und verarbeitet, welche Datenkategorien verarbeitet werden, welche Rechte Sie haben und wie Sie diese aus\u00fcben k\u00f6nnen.<\/p>\n<p>Die Informationen gelten nur f\u00fcr diese Website, daher \u00fcbernimmt aiterna keine Verantwortung f\u00fcr andere Websites, die \u00fcber Hyperlinks auf dieser Website aufgerufen werden k\u00f6nnen. Die Daten werden mit Hilfe von EDV-gest\u00fctzten und manuellen Instrumenten verarbeitet. Die Informationen beziehen sich auch auf Daten, die von den von aiterna verwalteten Seiten sozialer Netzwerkplattformen stammen, wie z.B. Facebook, Twitter, LinkedIn, Discord, um nur einige zu nennen.<\/p>\n<p>Durch die Nutzung der Website akzeptieren die Benutzer diese Politik und werden daher gebeten, sie zu lesen, bevor sie pers\u00f6nliche Daten jeglicher Art angeben.<\/p>\n<p><strong>1. Welche Arten von personenbezogenen Daten werden von uns verarbeitet?<\/strong><\/p>\n<p><strong>a. Browsing-Daten.<\/strong><\/p>\n<p>Die f\u00fcr den Betrieb dieser Website verwendeten Computersysteme und Softwareverfahren erfassen w\u00e4hrend ihres normalen Betriebs einige personenbezogene Daten, deren \u00dcbermittlung durch die Verwendung von Internet-Kommunikationsprotokollen implizit ist. Diese Daten werden nicht erhoben, um sie mit identifizierten Interessenten in Verbindung zu bringen, sondern k\u00f6nnten aufgrund ihrer Beschaffenheit durch Verarbeitung und Verkn\u00fcpfung mit Daten im Besitz Dritter die Identifizierung der Nutzer erm\u00f6glichen. Zu dieser Datenkategorie geh\u00f6ren die IP-Adressen oder Domain-Namen der von den Nutzern verwendeten Computer, die sich mit der Website verbinden, die URI (Uniform Resource Identifier)-Notationsadressen der angeforderten Ressourcen, die Uhrzeit der Anfrage, die zur \u00dcbermittlung der Anfrage an den Server verwendete Methode, die Gr\u00f6\u00dfe der als Antwort erhaltenen Datei, der numerische Code, der den Status der vom Server gegebenen Antwort angibt (erfolgreich, Fehler usw.) sowie andere Parameter, die sich auf das Betriebssystem und die IT-Umgebung des Nutzers beziehen.<\/p>\n<p>Diese Daten werden ausschlie\u00dflich dazu verwendet, anonyme statistische Informationen \u00fcber die Nutzung der Website zu erhalten und das ordnungsgem\u00e4\u00dfe Funktionieren der Website zu \u00fcberpr\u00fcfen, und werden unmittelbar nach der Verarbeitung gel\u00f6scht. Die Daten k\u00f6nnten verwendet werden, um die Verantwortlichkeit im Falle hypothetischer Computerkriminalit\u00e4t gegen die Website zu ermitteln. Aiterna kann pers\u00f6nliche Daten durch Cookies sammeln. Weitere Informationen \u00fcber die Verwendung von Cookies und verwandten Technologien finden Sie unter diesem <a href=\"https:\/\/aiterna.com\/de\/cookie-policy\/\">Link.<\/a><\/p>\n<p><strong>b. Freiwillig vom Nutzer zur Verf\u00fcgung gestellte Daten<\/strong><\/p>\n<p>Ungeachtet des Vorstehenden in Bezug auf die Navigationsdaten erfasst aiterna personenbezogene Daten, die Sie \u00fcber die Website zur Verf\u00fcgung stellen, um per E-Mail Anfragen zu stellen, Dokumente herunterzuladen oder den Newsletter zu abonnieren. So erfasst der f\u00fcr die Verarbeitung Verantwortliche beispielsweise Ihren Vor- und Nachnamen, Ihre Telefonnummer, Ihre E-Mail-Adresse, Ihre Anschrift, Ihren Wohnort und die Daten Ihres Lebenslaufs, die Sie an aiterna senden.<\/p>\n<p>Der f\u00fcr die Verarbeitung Verantwortliche erh\u00e4lt \u00fcber die Website keine sensiblen Daten oder Daten, die zu den in Artikel 9 der Verordnung genannten besonderen Kategorien geh\u00f6ren, oder Daten, die sich auf strafrechtliche Verurteilungen oder Straftaten beziehen.<\/p>\n<p><strong>2. Zweck und Rechtsgrundlage der Verarbeitung<\/strong><\/p>\n<p><strong>a. F\u00fcr die Erbringung der angeforderten Dienstleistungen<\/strong><\/p>\n<p>Die vom Nutzer freiwillig zur Verf\u00fcgung gestellten Daten werden von dem f\u00fcr die Verarbeitung Verantwortlichen verarbeitet, um auf seine Anfragen zu antworten, und zwar ausschlie\u00dflich zu diesem Zweck. Die Bereitstellung dieser Daten ist daher erforderlich, um die angeforderte Dienstleistung zu erbringen, und die Rechtsgrundlage f\u00fcr die Verarbeitung ist Artikel 6 Absatz 1 Buchstabe b der Verordnung (&#8222;Erf\u00fcllung eines Vertrags&#8220;).<\/p>\n<p>Die f\u00fcr den Newsletter zur Verf\u00fcgung gestellten Daten k\u00f6nnen f\u00fcr die Benachrichtigung \u00fcber weitere Initiativen und Ver\u00f6ffentlichungen der Kanzlei in ihren T\u00e4tigkeitsbereichen verwendet werden.<\/p>\n<p>Ihre Daten werden verarbeitet, um das ordnungsgem\u00e4\u00dfe Funktionieren der Website und ihrer Inhalte zu gew\u00e4hrleisten. In diesem Fall beruht die Datenverarbeitung auf dem berechtigten Interesse des f\u00fcr die Datenverarbeitung Verantwortlichen.<\/p>\n<p><strong>b. Zur Erf\u00fcllung gesetzlicher Verpflichtungen.<\/strong><\/p>\n<p>Jegliche Datenverarbeitung zur Erf\u00fcllung rechtlicher Verpflichtungen beruht auf Art. 6 Abs. 1 lit. c (&#8222;gesetzliche Verpflichtung&#8220;).<\/p>\n<p><strong>3. An wen \u00fcbermitteln wir Ihre Daten?<\/strong><\/p>\n<p>Der f\u00fcr die Verarbeitung Verantwortliche kann zu denselben Zwecken einige Ihrer personenbezogenen Daten an Dritte weitergeben, die sie als Datenverarbeiter verarbeiten. Die Liste der Datenverarbeiter kann jederzeit beim Inhaber der Datenverarbeitung angefordert werden, indem Sie an aiterna GmbH, Neuhofstrasse 5A, 6340 Baar, Zug ZG, E-Mail: <a href=\"mailto:info@aiterna.com\">info@aiterna.com<\/a> schreiben.<\/p>\n<p><strong>4. Wie lange dauert die Verarbeitung und wie lange werden die Daten gespeichert?<\/strong><\/p>\n<p>Ihre Daten werden gespeichert, um Ihre \u00fcber die Website gestellten Anfragen beantworten zu k\u00f6nnen. Die f\u00fcr den Dienst &#8222;Newsletter&#8220; erhobenen Daten werden so lange aufbewahrt, bis Sie Ihre Einwilligung widerrufen, wozu Sie sich an folgende Adresse wenden k\u00f6nnen: <a href=\"mailto:info@aiterna.com\">info@aiterna.com<\/a>. Weitere Daten werden so lange aufbewahrt, wie es unbedingt erforderlich ist, in jedem Fall aber nicht l\u00e4nger als 12 Monate. Die in den freiwillig eingesandten Lebensl\u00e4ufen enthaltenen Daten werden ausschlie\u00dflich f\u00fcr die Bewertung der Bewerber verwendet und im Falle einer Nichtauswahl innerhalb von 12 Monaten gel\u00f6scht. Im Falle einer positiven Bewertung werden sie f\u00fcr die Dauer des Arbeitsverh\u00e4ltnisses aufbewahrt.<\/p>\n<p><strong>5. Welche Rechte k\u00f6nnen Sie aus\u00fcben?<\/strong><\/p>\n<p>Wir m\u00f6chten Sie dar\u00fcber informieren, dass Sie gem\u00e4\u00df der geltenden Gesetzgebung folgende Rechte haben:<\/p>\n<p>a. Sie k\u00f6nnen Auskunft \u00fcber die Existenz Ihrer Daten beim f\u00fcr die Verarbeitung Verantwortlichen und Zugang zu diesen Daten verlangen und erhalten;<\/p>\n<p>b. im Falle von Daten, die mit Hilfe automatisierter Systeme verarbeitet werden, die \u00dcbermittlung an einen anderen f\u00fcr die Verarbeitung Verantwortlichen zu verlangen<\/p>\n<p>c. die \u00c4nderung und\/oder Berichtigung der eigenen personenbezogenen Daten zu verlangen und zu erhalten, wenn sie als unrichtig oder unvollst\u00e4ndig angesehen werden<\/p>\n<p>d. die L\u00f6schung &#8211; und\/oder die Einschr\u00e4nkung der Verarbeitung &#8211; Ihrer personenbezogenen Daten zu verlangen und zu erwirken, wenn diese f\u00fcr die oben genannten Zwecke nicht &#8211; oder nicht mehr &#8211; erforderlich sind, d. h. nach Ablauf der im vorstehenden Absatz genannten Speicherfrist.<\/p>\n<p>Entsprechende Antr\u00e4ge k\u00f6nnen an den f\u00fcr die Verarbeitung Verantwortlichen gerichtet werden, indem Sie an folgende Adresse schreiben: <a href=\"mailto:info@aiterna.com\">info@aiterna.com<\/a><\/p>\n<p>Wir informieren Sie auch dar\u00fcber, dass Sie gem\u00e4\u00df der geltenden Gesetzgebung bei der italienischen Datenschutzbeh\u00f6rde Beschwerden \u00fcber die Verarbeitung Ihrer personenbezogenen Daten einreichen k\u00f6nnen.<\/p>\n<p><strong>6. \u00c4nderung der Datenschutzpolitik<\/strong><\/p>\n<p>Der f\u00fcr die Verarbeitung Verantwortliche beh\u00e4lt sich das Recht vor, den Inhalt der vorliegenden Datenschutzerkl\u00e4rung ganz oder teilweise zu \u00e4ndern oder einfach zu aktualisieren, auch aufgrund von \u00c4nderungen der geltenden Rechtsvorschriften. Solche \u00c4nderungen und\/oder Aktualisierungen werden verbindlich, sobald sie auf der Website ver\u00f6ffentlicht werden. Der f\u00fcr die Verarbeitung Verantwortliche fordert Sie daher auf, diesen Abschnitt regelm\u00e4\u00dfig zu besuchen, um sich \u00fcber die j\u00fcngste und aktualisierte Fassung des Informationsvermerks zu informieren und sich \u00fcber die erhobenen Daten und deren Verwendung auf dem Laufenden zu halten.<\/p>\n<\/div><\/section><\/div>\n","protected":false},"excerpt":{"rendered":"","protected":false},"author":1,"featured_media":0,"parent":0,"menu_order":0,"comment_status":"closed","ping_status":"closed","template":"","meta":[],"aioseo_notices":[],"_links":{"self":[{"href":"https:\/\/aiterna.com\/de\/wp-json\/wp\/v2\/pages\/1288"}],"collection":[{"href":"https:\/\/aiterna.com\/de\/wp-json\/wp\/v2\/pages"}],"about":[{"href":"https:\/\/aiterna.com\/de\/wp-json\/wp\/v2\/types\/page"}],"author":[{"embeddable":true,"href":"https:\/\/aiterna.com\/de\/wp-json\/wp\/v2\/users\/1"}],"replies":[{"embeddable":true,"href":"https:\/\/aiterna.com\/de\/wp-json\/wp\/v2\/comments?post=1288"}],"version-history":[{"count":10,"href":"https:\/\/aiterna.com\/de\/wp-json\/wp\/v2\/pages\/1288\/revisions"}],"predecessor-version":[{"id":1524,"href":"https:\/\/aiterna.com\/de\/wp-json\/wp\/v2\/pages\/1288\/revisions\/1524"}],"wp:attachment":[{"href":"https:\/\/aiterna.com\/de\/wp-json\/wp\/v2\/media?parent=1288"}],"curies":[{"name":"wp","href":"https:\/\/api.w.org\/{rel}","templated":true}]}}