{"id":1013,"date":"2024-06-17T16:37:35","date_gmt":"2024-06-17T16:37:35","guid":{"rendered":"https:\/\/aiterna.com\/?page_id=1013"},"modified":"2024-06-25T11:57:43","modified_gmt":"2024-06-25T11:57:43","slug":"quienes-somos","status":"publish","type":"page","link":"https:\/\/aiterna.com\/es\/quienes-somos\/","title":{"rendered":"Qui\u00e9nes somos"},"content":{"rendered":"\n<style type=\"text\/css\" data-created_by=\"avia_inline_auto\" id=\"style-css-av-lxbzic9n-3d32bfdd5335e1911a34dfd9748655cd\">\n.avia-section.av-lxbzic9n-3d32bfdd5335e1911a34dfd9748655cd{\nbackground-color:#0d0d0d;\nbackground-image:url(https:\/\/aiterna.com\/wp-content\/uploads\/2024\/06\/Aiterna_Logo_bg_opacity-1-300x259.png);\nbackground-repeat:no-repeat;\nbackground-position:50% 50%;\nbackground-attachment:scroll;\n}\n.avia-section.av-lxbzic9n-3d32bfdd5335e1911a34dfd9748655cd .av-section-color-overlay{\nopacity:0.6;\nbackground-color:#0d0d0d;\n}\n#top .avia-section.av-lxbzic9n-3d32bfdd5335e1911a34dfd9748655cd .scroll-down-link{\ncolor:#ffffff;\n}\n<\/style>\n<div id='av_section_1'  class='avia-section av-lxbzic9n-3d32bfdd5335e1911a34dfd9748655cd main_color avia-section-no-padding avia-no-border-styling  avia-builder-el-0  el_before_av_section  avia-builder-el-first  avia-full-contain avia-bg-style-scroll av-section-color-overlay-active av-minimum-height av-minimum-height-50  container_wrap fullsize'  data-section-bg-repeat='contain' data-av_minimum_height_pc='50'><div class=\"av-section-color-overlay-wrap\"><div class=\"av-section-color-overlay\"><\/div><a href='#next-section' title='' class='scroll-down-link av-custom-scroll-down-color' aria-hidden='true' data-av_icon='\ue877' data-av_iconfont='entypo-fontello'><\/a><div class='container av-section-cont-open' ><main  role=\"main\" itemprop=\"mainContentOfPage\"  class='template-page content  av-content-full alpha units'><div class='post-entry post-entry-type-page post-entry-1013'><div class='entry-content-wrapper clearfix'>\n\n<style type=\"text\/css\" data-created_by=\"avia_inline_auto\" id=\"style-css-av-lxbzk3kw-22a507387d51a5da366dbfd613ac43ff\">\n#top .flex_column.av-lxbzk3kw-22a507387d51a5da366dbfd613ac43ff{\nmargin-top:0px;\nmargin-bottom:0px;\n}\n.flex_column.av-lxbzk3kw-22a507387d51a5da366dbfd613ac43ff{\n-webkit-border-radius:0px 0px 0px 0px;\n-moz-border-radius:0px 0px 0px 0px;\nborder-radius:0px 0px 0px 0px;\npadding:0px 0px 0px 0px;\n}\n.responsive #top #wrap_all .flex_column.av-lxbzk3kw-22a507387d51a5da366dbfd613ac43ff{\nmargin-top:0px;\nmargin-bottom:0px;\n}\n<\/style>\n<div class='flex_column av-lxbzk3kw-22a507387d51a5da366dbfd613ac43ff av_one_full  avia-builder-el-1  avia-builder-el-no-sibling  first flex_column_div av-animated-generic left-to-right av-zero-column-padding '     ><style type=\"text\/css\" data-created_by=\"avia_inline_auto\" id=\"style-css-av-lxbzolu5-54b85a106b341071373f93c938e61eb8\">\n#top .av-special-heading.av-lxbzolu5-54b85a106b341071373f93c938e61eb8{\nmargin:0 0 50px 0;\npadding-bottom:0;\ncolor:#ffffff;\nfont-size:5vw;\n}\nbody .av-special-heading.av-lxbzolu5-54b85a106b341071373f93c938e61eb8 .av-special-heading-tag .heading-char{\nfont-size:25px;\n}\n#top #wrap_all .av-special-heading.av-lxbzolu5-54b85a106b341071373f93c938e61eb8 .av-special-heading-tag{\nfont-size:5vw;\n}\n.av-special-heading.av-lxbzolu5-54b85a106b341071373f93c938e61eb8 .special-heading-inner-border{\nborder-color:#ffffff;\n}\n.av-special-heading.av-lxbzolu5-54b85a106b341071373f93c938e61eb8 .av-subheading{\nfont-size:25px;\n}\n\n@media only screen and (min-width: 480px) and (max-width: 767px){ \n#top #wrap_all .av-special-heading.av-lxbzolu5-54b85a106b341071373f93c938e61eb8 .av-special-heading-tag{\nfont-size:0.8em;\n}\n}\n\n@media only screen and (max-width: 479px){ \n#top #wrap_all .av-special-heading.av-lxbzolu5-54b85a106b341071373f93c938e61eb8 .av-special-heading-tag{\nfont-size:0.8em;\n}\n}\n<\/style>\n<div  class='av-special-heading av-lxbzolu5-54b85a106b341071373f93c938e61eb8 av-special-heading-h1 custom-color-heading blockquote modern-quote modern-centered  avia-builder-el-2  avia-builder-el-no-sibling  av-inherit-size'><h1 class='av-special-heading-tag'  itemprop=\"headline\"  >Qui\u00e9nes somos<\/h1><div class=\"special-heading-border\"><div class=\"special-heading-inner-border\"><\/div><\/div><\/div><\/div>\n\n<\/div><\/div><\/main><!-- close content main element --><\/div><\/div><\/div><div id='av_section_2'  class='avia-section av-lxbzqnsu-633e2101d2159af1a97aa68d4985d918 main_color avia-section-large avia-no-border-styling  avia-builder-el-3  el_after_av_section  el_before_av_section  avia-bg-style-scroll container_wrap fullsize'  ><div class='container av-section-cont-open' ><div class='template-page content  av-content-full alpha units'><div class='post-entry post-entry-type-page post-entry-1013'><div class='entry-content-wrapper clearfix'>\n<div class='flex_column av-xlwlz-2c0e6ecd9643435d1c33c5fab17f68c4 av_one_half  avia-builder-el-4  el_before_av_one_half  avia-builder-el-first  first flex_column_div '     ><p>\n<style type=\"text\/css\" data-created_by=\"avia_inline_auto\" id=\"style-css-av-lxbzv8id-e49f9c5fcdd4e88a47bdd042be9e27eb\">\n#top .av-special-heading.av-lxbzv8id-e49f9c5fcdd4e88a47bdd042be9e27eb{\nmargin:15px 0 0 0;\npadding-bottom:10px;\nfont-size:50px;\n}\nbody .av-special-heading.av-lxbzv8id-e49f9c5fcdd4e88a47bdd042be9e27eb .av-special-heading-tag .heading-char{\nfont-size:25px;\n}\n#top #wrap_all .av-special-heading.av-lxbzv8id-e49f9c5fcdd4e88a47bdd042be9e27eb .av-special-heading-tag{\nfont-size:50px;\n}\n.av-special-heading.av-lxbzv8id-e49f9c5fcdd4e88a47bdd042be9e27eb .av-subheading{\nfont-size:15px;\n}\n\n@media only screen and (min-width: 480px) and (max-width: 767px){ \n#top #wrap_all .av-special-heading.av-lxbzv8id-e49f9c5fcdd4e88a47bdd042be9e27eb .av-special-heading-tag{\nfont-size:0.8em;\n}\n}\n\n@media only screen and (max-width: 479px){ \n#top #wrap_all .av-special-heading.av-lxbzv8id-e49f9c5fcdd4e88a47bdd042be9e27eb .av-special-heading-tag{\nfont-size:0.8em;\n}\n}\n<\/style>\n<div  class='av-special-heading av-lxbzv8id-e49f9c5fcdd4e88a47bdd042be9e27eb av-special-heading-h2 blockquote modern-quote  avia-builder-el-5  el_before_av_textblock  avia-builder-el-first  av-inherit-size'><h2 class='av-special-heading-tag'  itemprop=\"headline\"  >CONOCER EL GRUPO<\/h2><div class=\"special-heading-border\"><div class=\"special-heading-inner-border\"><\/div><\/div><\/div><br \/>\n\n<style type=\"text\/css\" data-created_by=\"avia_inline_auto\" id=\"style-css-av-lxbzvz0s-b69cb38ea5ff608618d846fca389bae1\">\n#top .av_textblock_section.av-lxbzvz0s-b69cb38ea5ff608618d846fca389bae1 .avia_textblock{\nfont-size:16px;\n}\n<\/style>\n<section  class='av_textblock_section av-lxbzvz0s-b69cb38ea5ff608618d846fca389bae1'  itemscope=\"itemscope\" itemtype=\"https:\/\/schema.org\/CreativeWork\" ><div class='avia_textblock av_inherit_color'  itemprop=\"text\" ><p><span style=\"font-weight: 400;\">Para comprender la<strong> visi\u00f3n del grupo Aiterna<\/strong>, es necesario entender primero la premisa que ha guiado a los miembros fundadores desde el principio.<\/span><\/p>\n<p><span style=\"font-weight: 400;\">El grupo Aiterna nace de la intenci\u00f3n de querer ofrecer su contribuci\u00f3n al obligado e ineludible <strong>progreso cient\u00edfico-tecnol\u00f3gico<\/strong> de la sociedad humana, para que los resultados de este progreso se manifiesten en una mejora s\u00f3lida y concreta de la calidad de la propia vida humana.<\/span><\/p>\n<p><span style=\"font-weight: 400;\">Para los fundadores, esta premisa es la consecuencia natural de una profunda toma de conciencia: la palabra <strong>innovaci\u00f3n<\/strong> debe encapsular valores que sustenten una civilizaci\u00f3n que pretenda expresar todo su potencial.<\/span><\/p>\n<p><span style=\"font-weight: 400;\">A la hora de crear un grupo capaz de concebir y perseguir los objetivos fijados, fue vital desde el principio tomar nota de la necesidad de proceder a trav\u00e9s de un <strong>enfoque multidisciplinar<\/strong> en t\u00e9rminos de estructura y m\u00e9todo de trabajo.<\/span><\/p>\n<p><span style=\"font-weight: 400;\">Aunque el n\u00facleo del grupo est\u00e1 estrechamente vinculado a los \u00e1mbitos tecnol\u00f3gicos, existe un marco capaz de generar, para cada actividad realizada, una <strong>sinergia espec\u00edfica con otras ramas del conocimiento humano<\/strong> mediante la evaluaci\u00f3n de perspectivas \u00e9ticas, sociol\u00f3gicas, psicol\u00f3gicas y jur\u00eddicas complementarias, respetando siempre el car\u00e1cter innovador intr\u00ednseco del grupo.<\/span><\/p>\n<p><span style=\"font-weight: 400;\">Creemos firmemente que un enfoque multidisciplinar, como el descrito anteriormente, permite al grupo alcanzar niveles de calidad imposibles para realidades orientadas \u00fanicamente a la evaluaci\u00f3n de aspectos t\u00e9cnicos\/tecnol\u00f3gicos.<\/span><\/p>\n<\/div><\/section><\/p><\/div><div class='flex_column av-rt1bj-6c4708b71cb64b3a676e57ad65b859ef av_one_half  avia-builder-el-7  el_after_av_one_half  el_before_av_one_full  flex_column_div '     ><p>\n<style type=\"text\/css\" data-created_by=\"avia_inline_auto\" id=\"style-css-av-lxc03ycz-08df544ed0705a03007f7629a927a134\">\n#top .hr.hr-invisible.av-lxc03ycz-08df544ed0705a03007f7629a927a134{\nheight:80px;\n}\n<\/style>\n<div  class='hr av-lxc03ycz-08df544ed0705a03007f7629a927a134 hr-invisible  avia-builder-el-8  el_before_av_codeblock  avia-builder-el-first  av-medium-hide av-small-hide av-mini-hide'><span class='hr-inner '><span class=\"hr-inner-style\"><\/span><\/span><\/div><br \/>\n<br \/>\n<\/p><\/div><div class='flex_column av-lxbzxp4p-897bfa6289f1a51db905453941fab407 av_one_full  avia-builder-el-11  el_after_av_one_half  avia-builder-el-last  first flex_column_div column-top-margin'     ><section  class='av_textblock_section av-lxbzy5di-55ad9ab3ab29f087418f5a41c4ca12b1'  itemscope=\"itemscope\" itemtype=\"https:\/\/schema.org\/CreativeWork\" ><div class='avia_textblock'  itemprop=\"text\" ><blockquote>\n<p>La visi\u00f3n y los valores del grupo Aiterna se encapsulan en la interpretaci\u00f3n del significado asociado a la palabra:<strong> Progreso [Pr\u014dgr\u0115d\u012dor].<\/strong><\/p>\n<p>\u00abel desarrollo hacia formas de vida m\u00e1s elevadas y complejas, perseguido mediante el avance de la cultura, el conocimiento cient\u00edfico y tecnol\u00f3gico, la organizaci\u00f3n social, la consecuci\u00f3n de las libertades pol\u00edticas y el bienestar econ\u00f3mico, con el fin de procurar a la humanidad una mejora general del nivel de vida, y un mayor grado de liberaci\u00f3n de las penurias\u00bb<\/p>\n<footer><em><strong>[Treccani]<\/strong><\/em><\/footer>\n<\/blockquote>\n<\/div><\/section><\/div><\/div><\/div><\/div><!-- close content main div --><\/div><\/div>\n<style type=\"text\/css\" data-created_by=\"avia_inline_auto\" id=\"style-css-av-lxc00mbu-1b7b8fe3502714e060c8f44471b022d4\">\n.avia-section.av-lxc00mbu-1b7b8fe3502714e060c8f44471b022d4{\nbackground-color:#0d0d0d;\nbackground-image:unset;\n}\n<\/style>\n<div id='av_section_3'  class='avia-section av-lxc00mbu-1b7b8fe3502714e060c8f44471b022d4 main_color avia-section-large avia-no-border-styling  avia-builder-el-13  el_after_av_section  el_before_av_section  avia-bg-style-scroll container_wrap fullsize'  ><div class='container av-section-cont-open' ><div class='template-page content  av-content-full alpha units'><div class='post-entry post-entry-type-page post-entry-1013'><div class='entry-content-wrapper clearfix'>\n<div class='flex_column_table av-lxc01jyx-28c5f3696c479ca10a803120102ea241 sc-av_one_half av-equal-height-column-flextable'>\n<style type=\"text\/css\" data-created_by=\"avia_inline_auto\" id=\"style-css-av-lxc01jyx-28c5f3696c479ca10a803120102ea241\">\n.flex_column.av-lxc01jyx-28c5f3696c479ca10a803120102ea241{\nwidth:49%;\nmargin-left:0;\n}\n#top .flex_column_table.av-equal-height-column-flextable.av-lxc01jyx-28c5f3696c479ca10a803120102ea241 .av-flex-placeholder{\nwidth:2%;\n}\n<\/style>\n<div class='flex_column av-lxc01jyx-28c5f3696c479ca10a803120102ea241 av_one_half  avia-builder-el-14  el_before_av_one_half  avia-builder-el-first  first flex_column_table_cell av-equal-height-column av-align-middle '     ><style type=\"text\/css\" data-created_by=\"avia_inline_auto\" id=\"style-css-av-lxc035lw-638cca1bdaf823c03c0b0bc66151561a\">\n#top .av-special-heading.av-lxc035lw-638cca1bdaf823c03c0b0bc66151561a{\npadding-bottom:10px;\ncolor:#ffffff;\nfont-size:50px;\n}\nbody .av-special-heading.av-lxc035lw-638cca1bdaf823c03c0b0bc66151561a .av-special-heading-tag .heading-char{\nfont-size:25px;\n}\n#top #wrap_all .av-special-heading.av-lxc035lw-638cca1bdaf823c03c0b0bc66151561a .av-special-heading-tag{\nfont-size:50px;\n}\n.av-special-heading.av-lxc035lw-638cca1bdaf823c03c0b0bc66151561a .special-heading-inner-border{\nborder-color:#ffffff;\n}\n.av-special-heading.av-lxc035lw-638cca1bdaf823c03c0b0bc66151561a .av-subheading{\nfont-size:15px;\n}\n\n@media only screen and (min-width: 480px) and (max-width: 767px){ \n#top #wrap_all .av-special-heading.av-lxc035lw-638cca1bdaf823c03c0b0bc66151561a .av-special-heading-tag{\nfont-size:0.8em;\n}\n}\n\n@media only screen and (max-width: 479px){ \n#top #wrap_all .av-special-heading.av-lxc035lw-638cca1bdaf823c03c0b0bc66151561a .av-special-heading-tag{\nfont-size:0.8em;\n}\n}\n<\/style>\n<div  class='av-special-heading av-lxc035lw-638cca1bdaf823c03c0b0bc66151561a av-special-heading-h3 custom-color-heading blockquote modern-quote  avia-builder-el-15  avia-builder-el-no-sibling  av-inherit-size'><h3 class='av-special-heading-tag'  itemprop=\"headline\"  >Aiterna<\/h3><div class=\"special-heading-border\"><div class=\"special-heading-inner-border\"><\/div><\/div><\/div><\/div><div class='av-flex-placeholder'><\/div>\n<style type=\"text\/css\" data-created_by=\"avia_inline_auto\" id=\"style-css-av-j7lnr-4f779186347e1fa90619ee3944467d90\">\n.flex_column.av-j7lnr-4f779186347e1fa90619ee3944467d90{\nwidth:49%;\nmargin-left:0;\n}\n#top .flex_column_table.av-equal-height-column-flextable.av-j7lnr-4f779186347e1fa90619ee3944467d90 .av-flex-placeholder{\nwidth:2%;\n}\n<\/style>\n<div class='flex_column av-j7lnr-4f779186347e1fa90619ee3944467d90 av_one_half  avia-builder-el-16  el_after_av_one_half  el_before_av_one_half  flex_column_table_cell av-equal-height-column av-align-middle '     ><\/div><\/div><!--close column table wrapper. Autoclose: 1 -->\n<style type=\"text\/css\" data-created_by=\"avia_inline_auto\" id=\"style-css-av-lxc07svc-4c21a3ffaef5c1e698b0fc405903e72b\">\n#top .flex_column.av-lxc07svc-4c21a3ffaef5c1e698b0fc405903e72b{\nmargin-top:0px;\nmargin-bottom:0px;\n}\n.flex_column.av-lxc07svc-4c21a3ffaef5c1e698b0fc405903e72b{\n-webkit-border-radius:3px 3px 3px 3px;\n-moz-border-radius:3px 3px 3px 3px;\nborder-radius:3px 3px 3px 3px;\npadding:0px 0px 0px 0px;\n}\n.responsive #top #wrap_all .flex_column.av-lxc07svc-4c21a3ffaef5c1e698b0fc405903e72b{\nmargin-top:0px;\nmargin-bottom:0px;\n}\n<\/style>\n<div class='flex_column av-lxc07svc-4c21a3ffaef5c1e698b0fc405903e72b av_one_half  avia-builder-el-17  el_after_av_one_half  el_before_av_one_half  first flex_column_div av-animated-generic left-to-right av-zero-column-padding column-top-margin'     ><style type=\"text\/css\" data-created_by=\"avia_inline_auto\" id=\"style-css-av-lxc0amlb-fee2e342d2990281c721028a4024e1f8\">\n#top .av_textblock_section.av-lxc0amlb-fee2e342d2990281c721028a4024e1f8 .avia_textblock{\nfont-size:16px;\ncolor:#ffffff;\n}\n<\/style>\n<section  class='av_textblock_section av-lxc0amlb-fee2e342d2990281c721028a4024e1f8'  itemscope=\"itemscope\" itemtype=\"https:\/\/schema.org\/CreativeWork\" ><div class='avia_textblock av_inherit_color'  itemprop=\"text\" ><div class=\"ql-block\" data-block-id=\"block-f768d9a5-f42a-41fb-a7bf-471829597b05\">\n<p><strong>Una empresa que opera a nivel internacional en el macrosector econ\u00f3mico cuaternario.\u00a0<\/strong><\/p>\n<p>Desde sus inicios, Aiterna se ha estructurado como una empresa capaz de operar sobre lo que fundamentalmente consideramos el mayor activo de la humanidad: el conocimiento.<\/p>\n<p>La columna vertebral de la empresa opera una perpetua <strong>investigaci\u00f3n cient\u00edfico-tecnol\u00f3gica<\/strong> y el desarrollo de respuestas y soluciones innovadoras con el fin de <strong>aumentar su competitividad en el mercado global<\/strong> y seguir alcanzando los objetivos primordiales declarados en la premisa del grupo al que pertenece.<\/p>\n<p>Estamos convencidos de que, hoy en d\u00eda, la creaci\u00f3n de una estructura basada en la b\u00fasqueda constante de<strong> know-how<\/strong> representa uno de los negocios m\u00e1s interesantes del panorama socioecon\u00f3mico a nivel mundial.<\/p>\n<p>Vivimos actualmente un periodo hist\u00f3rico sin precedentes, y el enorme volumen de informaci\u00f3n y el r\u00e1pido acceso a la misma han demostrado ser uno de los factores clave que han permitido que la investigaci\u00f3n, los mercados y el mundo entero avancen a un ritmo y a una velocidad inimaginables hasta hace cincuenta a\u00f1os. La vida cotidiana de todos nosotros presenta soluciones e investigaciones que incluso hace s\u00f3lo una generaci\u00f3n eran objeto de la literatura de ciencia ficci\u00f3n.<\/p>\n<\/div>\n<\/div><\/section><\/div>\n<style type=\"text\/css\" data-created_by=\"avia_inline_auto\" id=\"style-css-av-lxc09dyf-730223c43fec96e0029533a2811acd86\">\n#top .flex_column.av-lxc09dyf-730223c43fec96e0029533a2811acd86{\nmargin-top:0px;\nmargin-bottom:0px;\n}\n.flex_column.av-lxc09dyf-730223c43fec96e0029533a2811acd86{\n-webkit-border-radius:3px 3px 3px 3px;\n-moz-border-radius:3px 3px 3px 3px;\nborder-radius:3px 3px 3px 3px;\n}\n.responsive #top #wrap_all .flex_column.av-lxc09dyf-730223c43fec96e0029533a2811acd86{\nmargin-top:0px;\nmargin-bottom:0px;\n}\n<\/style>\n<div class='flex_column av-lxc09dyf-730223c43fec96e0029533a2811acd86 av_one_half  avia-builder-el-19  el_after_av_one_half  avia-builder-el-last  flex_column_div av-animated-generic left-to-right column-top-margin'     ><p>\n<style type=\"text\/css\" data-created_by=\"avia_inline_auto\" id=\"style-css-av-lxc0ba5t-b65151761f5aa16e5fafc1b4deda76b3\">\n#top .av_textblock_section.av-lxc0ba5t-b65151761f5aa16e5fafc1b4deda76b3 .avia_textblock{\nfont-size:16px;\ncolor:#ffffff;\n}\n<\/style>\n<section  class='av_textblock_section av-lxc0ba5t-b65151761f5aa16e5fafc1b4deda76b3'  itemscope=\"itemscope\" itemtype=\"https:\/\/schema.org\/CreativeWork\" ><div class='avia_textblock av_inherit_color'  itemprop=\"text\" ><p>Por enormes que hayan sido los avances en t\u00e9rminos de conocimiento y tecnolog\u00eda, el punto al que hemos llegado solo puede ser el principio, porque el instinto del ser humano siempre ser\u00e1 ampliar su comprensi\u00f3n de lo que le rodea y mejorar su entorno vital.<\/p>\n<\/div><\/section><br \/>\n\n<style type=\"text\/css\" data-created_by=\"avia_inline_auto\" id=\"style-css-av-lxc0bopl-a614389bb2b4ce6e892799b7f9fea0dd\">\n#top .av_textblock_section.av-lxc0bopl-a614389bb2b4ce6e892799b7f9fea0dd .avia_textblock{\nfont-size:16px;\ncolor:#ffffff;\n}\n<\/style>\n<section  class='av_textblock_section av-lxc0bopl-a614389bb2b4ce6e892799b7f9fea0dd'  itemscope=\"itemscope\" itemtype=\"https:\/\/schema.org\/CreativeWork\" ><div class='avia_textblock av_inherit_color'  itemprop=\"text\" ><p><strong>Ciencia de datos, blockchain e inteligencia artificial en el coraz\u00f3n de todo el proyecto emprendedor de la compa\u00f1\u00eda.<\/strong><\/p>\n<\/div><\/section><br \/>\n\n<style type=\"text\/css\" data-created_by=\"avia_inline_auto\" id=\"style-css-av-lxc0c75m-bfe9e413de88ce5586d01b07865215df\">\n#top .av_textblock_section.av-lxc0c75m-bfe9e413de88ce5586d01b07865215df .avia_textblock{\nfont-size:16px;\ncolor:#ffffff;\n}\n<\/style>\n<section  class='av_textblock_section av-lxc0c75m-bfe9e413de88ce5586d01b07865215df'  itemscope=\"itemscope\" itemtype=\"https:\/\/schema.org\/CreativeWork\" ><div class='avia_textblock av_inherit_color'  itemprop=\"text\" ><p>En las \u00faltimas dos d\u00e9cadas, los datos, su procesamiento y el posterior an\u00e1lisis cr\u00edtico de los resultados, han demostrado no ser ya materias de estudio predominantemente acad\u00e9micas, sino que han mutado en un extraordinario y valioso recurso, gan\u00e1ndose leg\u00edtimamente el apelativo de materia prima indispensable para la actual cuarta revoluci\u00f3n industrial. El matem\u00e1tico brit\u00e1nico Clive Humby escribi\u00f3 en 2006 que <strong>\u00ablos datos son el nuevo petr\u00f3leo\u00bb,<\/strong> y es sobre este concepto sobre el que Aiterna ha erigido las piedras angulares de su proyecto empresarial.<\/p>\n<p>La compa\u00f1\u00eda reconoce en la ciencia de datos y en el desarrollo de sistemas de inteligencia artificial, no s\u00f3lo las disciplinas tecnol\u00f3gicas nodales para sus modelos de negocio, sino sobre todo la piedra angular capaz de garantizar un valor estrat\u00e9gico indispensable para el futuro de todo contexto socioecon\u00f3mico.<\/p>\n<\/div><\/section><\/p><\/div>\n<\/p>\n<\/div><\/div><\/div><!-- close content main div --><\/div><\/div><div id='av_section_4'  class='avia-section av-lxc0rcx4-0ef1ee6b10a9ee43da7a624fd6a9a1df main_color avia-section-small avia-no-border-styling  avia-builder-el-23  el_after_av_section  avia-builder-el-last  avia-bg-style-scroll av-minimum-height av-minimum-height-50  container_wrap fullsize'   data-av_minimum_height_pc='50'><div class='container av-section-cont-open' ><div class='template-page content  av-content-full alpha units'><div class='post-entry post-entry-type-page post-entry-1013'><div class='entry-content-wrapper clearfix'>\n\n<style type=\"text\/css\" data-created_by=\"avia_inline_auto\" id=\"style-css-av-lxc0su16-4b9b24302f9c23ba382b8feea5ac4d40\">\n#top .av-special-heading.av-lxc0su16-4b9b24302f9c23ba382b8feea5ac4d40{\nmargin:50px 0 0 0;\npadding-bottom:50px;\nfont-size:40px;\n}\nbody .av-special-heading.av-lxc0su16-4b9b24302f9c23ba382b8feea5ac4d40 .av-special-heading-tag .heading-char{\nfont-size:25px;\n}\n#top #wrap_all .av-special-heading.av-lxc0su16-4b9b24302f9c23ba382b8feea5ac4d40 .av-special-heading-tag{\nfont-size:40px;\n}\n.av-special-heading.av-lxc0su16-4b9b24302f9c23ba382b8feea5ac4d40 .av-subheading{\nfont-size:15px;\n}\n\n@media only screen and (min-width: 480px) and (max-width: 767px){ \n#top #wrap_all .av-special-heading.av-lxc0su16-4b9b24302f9c23ba382b8feea5ac4d40 .av-special-heading-tag{\nfont-size:0.8em;\n}\n}\n\n@media only screen and (max-width: 479px){ \n#top #wrap_all .av-special-heading.av-lxc0su16-4b9b24302f9c23ba382b8feea5ac4d40 .av-special-heading-tag{\nfont-size:0.8em;\n}\n}\n<\/style>\n<div  class='av-special-heading av-lxc0su16-4b9b24302f9c23ba382b8feea5ac4d40 av-special-heading-h2 blockquote modern-quote modern-centered  avia-builder-el-24  el_before_av_one_half  avia-builder-el-first  av-inherit-size'><h2 class='av-special-heading-tag'  itemprop=\"headline\"  >EXPLORE OTRAS REALIDADES DEL GRUPO<\/h2><div class=\"special-heading-border\"><div class=\"special-heading-inner-border\"><\/div><\/div><\/div>\n<div class='flex_column av-gautr-5c8a38ab6354654ad9980a6a9d25092b av_one_half  avia-builder-el-25  el_after_av_heading  el_before_av_one_half  first flex_column_div '     ><\/div><div class='flex_column av-84nrz-b789b4a68afeb2af95c4d2aa046b9325 av_one_half  avia-builder-el-27  el_after_av_one_half  el_before_av_hr  flex_column_div '     ><\/div>\n<style type=\"text\/css\" data-created_by=\"avia_inline_auto\" id=\"style-css-av-lxc0y1vk-3766c10007681256c9af95941d19f3a3\">\n#top .hr.av-lxc0y1vk-3766c10007681256c9af95941d19f3a3{\nmargin-top:30px;\nmargin-bottom:30px;\n}\n.hr.av-lxc0y1vk-3766c10007681256c9af95941d19f3a3 .hr-inner{\nwidth:90%;\nborder-color:#0f0f0f;\n}\n<\/style>\n<div  class='hr av-lxc0y1vk-3766c10007681256c9af95941d19f3a3 hr-custom  avia-builder-el-29  el_after_av_one_half  avia-builder-el-last  hr-center hr-icon-no'><span class='hr-inner inner-border-av-border-thin'><span class=\"hr-inner-style\"><\/span><\/span><\/div>\n\n","protected":false},"excerpt":{"rendered":"","protected":false},"author":1,"featured_media":0,"parent":0,"menu_order":0,"comment_status":"closed","ping_status":"closed","template":"","meta":[],"aioseo_notices":[],"_links":{"self":[{"href":"https:\/\/aiterna.com\/es\/wp-json\/wp\/v2\/pages\/1013"}],"collection":[{"href":"https:\/\/aiterna.com\/es\/wp-json\/wp\/v2\/pages"}],"about":[{"href":"https:\/\/aiterna.com\/es\/wp-json\/wp\/v2\/types\/page"}],"author":[{"embeddable":true,"href":"https:\/\/aiterna.com\/es\/wp-json\/wp\/v2\/users\/1"}],"replies":[{"embeddable":true,"href":"https:\/\/aiterna.com\/es\/wp-json\/wp\/v2\/comments?post=1013"}],"version-history":[{"count":18,"href":"https:\/\/aiterna.com\/es\/wp-json\/wp\/v2\/pages\/1013\/revisions"}],"predecessor-version":[{"id":1618,"href":"https:\/\/aiterna.com\/es\/wp-json\/wp\/v2\/pages\/1013\/revisions\/1618"}],"wp:attachment":[{"href":"https:\/\/aiterna.com\/es\/wp-json\/wp\/v2\/media?parent=1013"}],"curies":[{"name":"wp","href":"https:\/\/api.w.org\/{rel}","templated":true}]}}