{"id":1284,"date":"2024-06-19T15:13:20","date_gmt":"2024-06-19T15:13:20","guid":{"rendered":"https:\/\/aiterna.com\/?page_id=1284"},"modified":"2024-06-19T15:09:35","modified_gmt":"2024-06-19T15:09:35","slug":"cookie-policy","status":"publish","type":"page","link":"https:\/\/aiterna.com\/es\/cookie-policy\/","title":{"rendered":"Cookie Policy"},"content":{"rendered":"<\/p>\n\n<style type=\"text\/css\" data-created_by=\"avia_inline_auto\" id=\"style-css-av-lxbzic9n-3d32bfdd5335e1911a34dfd9748655cd\">\n.avia-section.av-lxbzic9n-3d32bfdd5335e1911a34dfd9748655cd{\nbackground-color:#0d0d0d;\nbackground-image:url(https:\/\/aiterna.com\/wp-content\/uploads\/2024\/06\/Aiterna_Logo_bg_opacity-1-300x259.png);\nbackground-repeat:no-repeat;\nbackground-position:50% 50%;\nbackground-attachment:scroll;\n}\n.avia-section.av-lxbzic9n-3d32bfdd5335e1911a34dfd9748655cd .av-section-color-overlay{\nopacity:0.6;\nbackground-color:#0d0d0d;\n}\n#top .avia-section.av-lxbzic9n-3d32bfdd5335e1911a34dfd9748655cd .scroll-down-link{\ncolor:#ffffff;\n}\n<\/style>\n<div id='av_section_1'  class='avia-section av-lxbzic9n-3d32bfdd5335e1911a34dfd9748655cd main_color avia-section-no-padding avia-no-border-styling  avia-builder-el-0  el_before_av_section  avia-builder-el-first  avia-full-contain avia-bg-style-scroll av-section-color-overlay-active av-minimum-height av-minimum-height-50  container_wrap fullsize'  data-section-bg-repeat='contain' data-av_minimum_height_pc='50'><div class=\"av-section-color-overlay-wrap\"><div class=\"av-section-color-overlay\"><\/div><a href='#next-section' title='' class='scroll-down-link av-custom-scroll-down-color' aria-hidden='true' data-av_icon='\ue877' data-av_iconfont='entypo-fontello'><\/a><div class='container av-section-cont-open' ><main  role=\"main\" itemprop=\"mainContentOfPage\"  class='template-page content  av-content-full alpha units'><div class='post-entry post-entry-type-page post-entry-1284'><div class='entry-content-wrapper clearfix'>\n<\/p>\n\n<style type=\"text\/css\" data-created_by=\"avia_inline_auto\" id=\"style-css-av-lxbzk3kw-22a507387d51a5da366dbfd613ac43ff\">\n#top .flex_column.av-lxbzk3kw-22a507387d51a5da366dbfd613ac43ff{\nmargin-top:0px;\nmargin-bottom:0px;\n}\n.flex_column.av-lxbzk3kw-22a507387d51a5da366dbfd613ac43ff{\n-webkit-border-radius:0px 0px 0px 0px;\n-moz-border-radius:0px 0px 0px 0px;\nborder-radius:0px 0px 0px 0px;\npadding:0px 0px 0px 0px;\n}\n.responsive #top #wrap_all .flex_column.av-lxbzk3kw-22a507387d51a5da366dbfd613ac43ff{\nmargin-top:0px;\nmargin-bottom:0px;\n}\n<\/style>\n<div class='flex_column av-lxbzk3kw-22a507387d51a5da366dbfd613ac43ff av_one_full  avia-builder-el-1  avia-builder-el-no-sibling  first flex_column_div av-animated-generic left-to-right av-zero-column-padding '     ><style type=\"text\/css\" data-created_by=\"avia_inline_auto\" id=\"style-css-av-lxbzolu5-43322edc5ce9634aa908bfc8fcd0aa05\">\n#top .av-special-heading.av-lxbzolu5-43322edc5ce9634aa908bfc8fcd0aa05{\nmargin:0 0 50px 0;\npadding-bottom:0;\ncolor:#ffffff;\nfont-size:5vw;\n}\nbody .av-special-heading.av-lxbzolu5-43322edc5ce9634aa908bfc8fcd0aa05 .av-special-heading-tag .heading-char{\nfont-size:25px;\n}\n#top #wrap_all .av-special-heading.av-lxbzolu5-43322edc5ce9634aa908bfc8fcd0aa05 .av-special-heading-tag{\nfont-size:5vw;\n}\n.av-special-heading.av-lxbzolu5-43322edc5ce9634aa908bfc8fcd0aa05 .special-heading-inner-border{\nborder-color:#ffffff;\n}\n.av-special-heading.av-lxbzolu5-43322edc5ce9634aa908bfc8fcd0aa05 .av-subheading{\nfont-size:25px;\n}\n\n@media only screen and (min-width: 480px) and (max-width: 767px){ \n#top #wrap_all .av-special-heading.av-lxbzolu5-43322edc5ce9634aa908bfc8fcd0aa05 .av-special-heading-tag{\nfont-size:0.8em;\n}\n}\n\n@media only screen and (max-width: 479px){ \n#top #wrap_all .av-special-heading.av-lxbzolu5-43322edc5ce9634aa908bfc8fcd0aa05 .av-special-heading-tag{\nfont-size:0.8em;\n}\n}\n<\/style>\n<div  class='av-special-heading av-lxbzolu5-43322edc5ce9634aa908bfc8fcd0aa05 av-special-heading-h1 custom-color-heading blockquote modern-quote modern-centered  avia-builder-el-2  avia-builder-el-no-sibling  av-inherit-size'><h1 class='av-special-heading-tag'  itemprop=\"headline\"  >Cookie Policy<\/h1><div class=\"special-heading-border\"><div class=\"special-heading-inner-border\"><\/div><\/div><\/div><\/div>\n\n<\/div><\/div><\/main><!-- close content main element --><\/div><\/div><\/div><div id='av_section_2'  class='avia-section av-lxbzqnsu-633e2101d2159af1a97aa68d4985d918 main_color avia-section-large avia-no-border-styling  avia-builder-el-3  el_after_av_section  avia-builder-el-last  avia-bg-style-scroll container_wrap fullsize'  ><div class='container av-section-cont-open' ><div class='template-page content  av-content-full alpha units'><div class='post-entry post-entry-type-page post-entry-1284'><div class='entry-content-wrapper clearfix'>\n<section  class='av_textblock_section av-lxen7hw9-d597b11368ab8cdea4c515c67119d071'  itemscope=\"itemscope\" itemtype=\"https:\/\/schema.org\/CreativeWork\" ><div class='avia_textblock'  itemprop=\"text\" ><p><strong>Para que los sitios web de aiterna funcionen correctamente, a veces colocamos peque\u00f1os archivos de datos llamados cookies en su dispositivo.<\/strong><\/p>\n<p><strong>Uso de cookies<\/strong><\/p>\n<p>El \u00abSitio\u00bb<a href=\"https:\/\/aiterna.com\/\"> https:\/\/aiterna.com\/<\/a> utiliza cookies para que sus servicios resulten sencillos y eficaces para los usuarios que consultan sus p\u00e1ginas. Los usuarios que consulten el Sitio ver\u00e1n cantidades m\u00ednimas de informaci\u00f3n colocada en sus dispositivos, ya sean ordenadores o dispositivos m\u00f3viles, en peque\u00f1os archivos de texto llamados \u00abcookies\u00bb almacenados en directorios utilizados por el navegador web del usuario. Existen varios tipos de cookies, algunas para hacer m\u00e1s eficaz el uso del Sitio, otras para habilitar determinadas funcionalidades.<\/p>\n<p>Analiz\u00e1ndolas en detalle, las cookies permiten, entre otras cosas :<\/p>\n<ul>\n<li aria-level=\"1\">almacenar las preferencias que haya introducido;<\/li>\n<li aria-level=\"1\">evitar que vuelva a introducir la misma informaci\u00f3n varias veces durante una visita, como el nombre de usuario y la contrase\u00f1a;<\/li>\n<li aria-level=\"1\">analizar el uso de los servicios y contenidos proporcionados por <a href=\"https:\/\/aiterna.com\/\">https:\/\/aiterna.com\/<\/a> para optimizar la experiencia de navegaci\u00f3n y los servicios ofrecidos<\/li>\n<\/ul>\n<p><strong>Tipos de cookies<\/strong><\/p>\n<p style=\"padding-left: 40px;\"><strong>Cookies t\u00e9cnicas<\/strong><\/p>\n<p style=\"padding-left: 40px;\">Este tipo de cookies permite que determinadas secciones del Sitio funcionen correctamente. Existen dos categor\u00edas: Persistentes y de Sesi\u00f3n:<\/p>\n<ul>\n<li style=\"list-style-type: none;\">\n<ul>\n<li style=\"list-style-type: none;\">\n<ul>\n<li>Persistentes: una vez que se cierra el navegador, no se destruyen, sino que permanecen en uso hasta una fecha de caducidad predeterminada;<\/li>\n<li>De sesi\u00f3n: se destruyen cada vez que se cierra el navegador;<\/li>\n<\/ul>\n<\/li>\n<\/ul>\n<\/li>\n<\/ul>\n<p style=\"padding-left: 40px;\">Estas cookies, siempre generadas por nuestro dominio, son necesarias para la correcta visualizaci\u00f3n del sitio y en relaci\u00f3n con los servicios t\u00e9cnicos ofrecidos, siempre ser\u00e1n utilizadas y enviadas, a menos que el usuario cambie la configuraci\u00f3n de su navegador (afectando as\u00ed a la visualizaci\u00f3n de las p\u00e1ginas del sitio).<\/p>\n<p style=\"padding-left: 40px;\"><strong>Cookies anal\u00edticas<\/strong><\/p>\n<p style=\"padding-left: 40px;\"><span style=\"font-weight: 400;\">Las cookies de esta categor\u00eda se utilizan para recopilar informaci\u00f3n sobre el uso del sitio. <a href=\"https:\/\/aiterna.com\/\">https:\/\/aiterna.com\/<\/a> utilizar\u00e1 esta informaci\u00f3n para generar an\u00e1lisis estad\u00edsticos an\u00f3nimos con el fin de mejorar el uso del sitio y hacer que el contenido sea m\u00e1s interesante y relevante para los deseos del usuario. De forma an\u00f3nima, este tipo de cookie recoge datos sobre la actividad de los usuarios y sobre c\u00f3mo han llegado al Sitio. Las cookies anal\u00edticas se env\u00edan desde el propio Sitio o desde dominios de terceros.<\/span><\/p>\n<p style=\"padding-left: 40px;\"><strong>Cookies anal\u00edticas de servicios de terceros<\/strong><\/p>\n<p style=\"padding-left: 40px;\">Estas cookies se utilizan para recopilar informaci\u00f3n sobre c\u00f3mo los usuarios utilizan el Sitio de forma an\u00f3nima, como por ejemplo: p\u00e1ginas visitadas, tiempo empleado, or\u00edgenes del tr\u00e1fico, origen geogr\u00e1fico, edad, sexo e intereses para campa\u00f1as de marketing. Estas cookies se env\u00edan desde dominios de terceros ajenos al Sitio.<\/p>\n<p style=\"padding-left: 40px;\"><strong>Cookies para la integraci\u00f3n de productos de terceros y funciones de software<\/strong><\/p>\n<p style=\"padding-left: 40px;\">Este tipo de cookies integra funcionalidades desarrolladas por terceros dentro de las p\u00e1ginas del Sitio, como iconos y preferencias expresadas en redes sociales para compartir contenidos en el Sitio o para el uso de servicios de software de terceros (como software para generar mapas y otro software que ofrece servicios adicionales). Estas cookies se env\u00edan desde dominios de terceros y sitios asociados que ofrecen su funcionalidad entre las p\u00e1ginas del Sitio.<\/p>\n<p style=\"padding-left: 40px;\"><strong>Cookies de perfil<\/strong><\/p>\n<p style=\"padding-left: 40px;\">Son aquellas cookies necesarias para crear perfiles de usuario con el fin de enviar mensajes publicitarios en l\u00ednea con las preferencias expresadas por el usuario dentro de las p\u00e1ginas del Sitio.<\/p>\n<p style=\"padding-left: 40px;\">Para todos los dem\u00e1s tipos de cookies, el consentimiento puede ser expresado por el Usuario de una o varias de las siguientes maneras:<\/p>\n<ul>\n<li style=\"list-style-type: none;\">\n<ul>\n<li style=\"list-style-type: none;\">\n<ul>\n<li>Mediante configuraciones espec\u00edficas del navegador utilizado o de los correspondientes programas inform\u00e1ticos utilizados para navegar por las p\u00e1ginas del Sitio;<\/li>\n<li>modificando la configuraci\u00f3n al utilizar servicios de terceros;<\/li>\n<li>Cualquiera de estas soluciones puede impedirle utilizar o visualizar partes del Sitio;<\/li>\n<\/ul>\n<\/li>\n<\/ul>\n<\/li>\n<\/ul>\n<p><strong>Sitios web y servicios de terceros<\/strong><\/p>\n<p>El Sitio puede contener enlaces a otros sitios web que tienen sus propias pol\u00edticas de privacidad que pueden diferir de las adoptadas por Aiterna, que por lo tanto no es responsable del software de estos sitios.<\/p>\n<p><strong>Lista de cookies<\/strong><\/p>\n<div class=\"cky-audit-table-element\"><\/div>\n<h5 style=\"margin-bottom: 20px;\">GESTI\u00d3N DE LAS PREFERENCIAS DE COOKIES<\/h5>\n<p><a class=\"cky-banner-element\">Configuraci\u00f3n de cookies<\/a><br \/>\n<strong>Acerca de las cookies<\/strong><\/p>\n<p>Google utiliza cookies, como las cookies PREF, NID y SID, para personalizar los anuncios en las propiedades de Google, como la B\u00fasqueda de Google. Por ejemplo, se utilizan para almacenar sus b\u00fasquedas m\u00e1s recientes, sus interacciones anteriores con los anuncios o los resultados de b\u00fasqueda de un anunciante y sus visitas al sitio web de un anunciante. Esto nos permite reproducir y mostrar anuncios personalizados en Google.<\/p>\n<p><strong>C\u00f3mo inhabilitar las cookies mediante la configuraci\u00f3n del navegador<\/strong><\/p>\n<p>Si desea obtener m\u00e1s informaci\u00f3n sobre c\u00f3mo su navegador almacena las cookies durante la navegaci\u00f3n, siga los siguientes enlaces a los sitios web de los respectivos proveedores.<\/p>\n<p><strong>Mozilla Firefox:<\/strong>\u00a0<a href=\"https:\/\/support.mozilla.org\/it\/kb\/Gestione%20d%20cookie\">https:\/\/support.mozilla.org\/it\/kb\/Gestione%20d%20cookie<\/a><\/p>\n<p><strong>Google Chrome:<\/strong>\u00a0<a href=\"https:\/\/support.google.com\/chrome\/answer\/95647?hl=en\">https:\/\/support.google.com\/chrome\/answer\/95647?hl=en<\/a><\/p>\n<p><strong>Internet Explorer:<\/strong>\u00a0<a href=\"http:\/\/windows.microsoft.com\/it-it\/windows-vista\/blockor-allow-cookies\">http:\/\/windows.microsoft.com\/it-it\/windows-vista\/blockor-allow-cookies<\/a><\/p>\n<p><strong>Safari 6\/7 Mavericks:<\/strong>\u00a0<a href=\"https:\/\/support.apple.com\/kb\/PH17191viewlocale=it_IT&#038;locale=it_IT\">https:\/\/support.apple.com\/kb\/PH17191viewlocale=it_IT&#038;locale=it_IT<\/a><\/p>\n<p><strong>Safari 8 Yosemite:<\/strong>\u00a0<a href=\"https:\/\/support.apple.com\/kb\/PH19214viewlocale=it_IT&#038;locale=it_IT\">https:\/\/support.apple.com\/kb\/PH19214viewlocale=it_IT&#038;locale=it_IT<\/a><\/p>\n<p><strong>Safari on iPhone, iPad, or iPod touch:<\/strong>\u00a0<a href=\"https:\/\/support.apple.com\/it-it\/HT201265\">https:\/\/support.apple.com\/it-it\/HT201265<\/a><\/p>\n<p><strong>Actualizaciones de esta pol\u00edtica<\/strong><\/p>\n<p>Hemos hecho todo lo posible para garantizar que esta sea una lista completa de todas las cookies utilizadas actualmente por los Sitios Web y nuestro objetivo es mantener esta Pol\u00edtica de Cookies actualizada. Debe consultar esta p\u00e1gina de vez en cuando para tomar nota de cualquier cambio que se haya realizado. No obstante lo anterior, es posible que la lista est\u00e9 incompleta o desactualizada. Si desea confirmaci\u00f3n de las cookies que actualmente utilizamos en una fecha determinada, p\u00f3ngase en contacto con:<a href=\"mailto:info@aiterna.com\"> info@aiterna.com<\/a><\/p>\n<\/div><\/section>\n\n","protected":false},"excerpt":{"rendered":"","protected":false},"author":1,"featured_media":0,"parent":0,"menu_order":0,"comment_status":"closed","ping_status":"closed","template":"","meta":[],"aioseo_notices":[],"_links":{"self":[{"href":"https:\/\/aiterna.com\/es\/wp-json\/wp\/v2\/pages\/1284"}],"collection":[{"href":"https:\/\/aiterna.com\/es\/wp-json\/wp\/v2\/pages"}],"about":[{"href":"https:\/\/aiterna.com\/es\/wp-json\/wp\/v2\/types\/page"}],"author":[{"embeddable":true,"href":"https:\/\/aiterna.com\/es\/wp-json\/wp\/v2\/users\/1"}],"replies":[{"embeddable":true,"href":"https:\/\/aiterna.com\/es\/wp-json\/wp\/v2\/comments?post=1284"}],"version-history":[{"count":8,"href":"https:\/\/aiterna.com\/es\/wp-json\/wp\/v2\/pages\/1284\/revisions"}],"predecessor-version":[{"id":1496,"href":"https:\/\/aiterna.com\/es\/wp-json\/wp\/v2\/pages\/1284\/revisions\/1496"}],"wp:attachment":[{"href":"https:\/\/aiterna.com\/es\/wp-json\/wp\/v2\/media?parent=1284"}],"curies":[{"name":"wp","href":"https:\/\/api.w.org\/{rel}","templated":true}]}}