{"id":1289,"date":"2024-06-19T15:10:17","date_gmt":"2024-06-19T15:10:17","guid":{"rendered":"https:\/\/aiterna.com\/?page_id=1289"},"modified":"2024-06-19T15:10:20","modified_gmt":"2024-06-19T15:10:20","slug":"privacy-policy","status":"publish","type":"page","link":"https:\/\/aiterna.com\/es\/privacy-policy\/","title":{"rendered":"Privacy Policy"},"content":{"rendered":"<\/p>\n\n<style type=\"text\/css\" data-created_by=\"avia_inline_auto\" id=\"style-css-av-lxbzic9n-3d32bfdd5335e1911a34dfd9748655cd\">\n.avia-section.av-lxbzic9n-3d32bfdd5335e1911a34dfd9748655cd{\nbackground-color:#0d0d0d;\nbackground-image:url(https:\/\/aiterna.com\/wp-content\/uploads\/2024\/06\/Aiterna_Logo_bg_opacity-1-300x259.png);\nbackground-repeat:no-repeat;\nbackground-position:50% 50%;\nbackground-attachment:scroll;\n}\n.avia-section.av-lxbzic9n-3d32bfdd5335e1911a34dfd9748655cd .av-section-color-overlay{\nopacity:0.6;\nbackground-color:#0d0d0d;\n}\n#top .avia-section.av-lxbzic9n-3d32bfdd5335e1911a34dfd9748655cd .scroll-down-link{\ncolor:#ffffff;\n}\n<\/style>\n<div id='av_section_1'  class='avia-section av-lxbzic9n-3d32bfdd5335e1911a34dfd9748655cd main_color avia-section-no-padding avia-no-border-styling  avia-builder-el-0  el_before_av_section  avia-builder-el-first  avia-full-contain avia-bg-style-scroll av-section-color-overlay-active av-minimum-height av-minimum-height-50  container_wrap fullsize'  data-section-bg-repeat='contain' data-av_minimum_height_pc='50'><div class=\"av-section-color-overlay-wrap\"><div class=\"av-section-color-overlay\"><\/div><a href='#next-section' title='' class='scroll-down-link av-custom-scroll-down-color' aria-hidden='true' data-av_icon='\ue877' data-av_iconfont='entypo-fontello'><\/a><div class='container av-section-cont-open' ><main  role=\"main\" itemprop=\"mainContentOfPage\"  class='template-page content  av-content-full alpha units'><div class='post-entry post-entry-type-page post-entry-1289'><div class='entry-content-wrapper clearfix'>\n<\/p>\n\n<style type=\"text\/css\" data-created_by=\"avia_inline_auto\" id=\"style-css-av-lxbzk3kw-22a507387d51a5da366dbfd613ac43ff\">\n#top .flex_column.av-lxbzk3kw-22a507387d51a5da366dbfd613ac43ff{\nmargin-top:0px;\nmargin-bottom:0px;\n}\n.flex_column.av-lxbzk3kw-22a507387d51a5da366dbfd613ac43ff{\n-webkit-border-radius:0px 0px 0px 0px;\n-moz-border-radius:0px 0px 0px 0px;\nborder-radius:0px 0px 0px 0px;\npadding:0px 0px 0px 0px;\n}\n.responsive #top #wrap_all .flex_column.av-lxbzk3kw-22a507387d51a5da366dbfd613ac43ff{\nmargin-top:0px;\nmargin-bottom:0px;\n}\n<\/style>\n<div class='flex_column av-lxbzk3kw-22a507387d51a5da366dbfd613ac43ff av_one_full  avia-builder-el-1  avia-builder-el-no-sibling  first flex_column_div av-animated-generic left-to-right av-zero-column-padding '     ><style type=\"text\/css\" data-created_by=\"avia_inline_auto\" id=\"style-css-av-lxbzolu5-796f5fdbb444127dabcc8d3bd3e9f755\">\n#top .av-special-heading.av-lxbzolu5-796f5fdbb444127dabcc8d3bd3e9f755{\nmargin:0 0 50px 0;\npadding-bottom:0;\ncolor:#ffffff;\nfont-size:5vw;\n}\nbody .av-special-heading.av-lxbzolu5-796f5fdbb444127dabcc8d3bd3e9f755 .av-special-heading-tag .heading-char{\nfont-size:25px;\n}\n#top #wrap_all .av-special-heading.av-lxbzolu5-796f5fdbb444127dabcc8d3bd3e9f755 .av-special-heading-tag{\nfont-size:5vw;\n}\n.av-special-heading.av-lxbzolu5-796f5fdbb444127dabcc8d3bd3e9f755 .special-heading-inner-border{\nborder-color:#ffffff;\n}\n.av-special-heading.av-lxbzolu5-796f5fdbb444127dabcc8d3bd3e9f755 .av-subheading{\nfont-size:25px;\n}\n\n@media only screen and (min-width: 480px) and (max-width: 767px){ \n#top #wrap_all .av-special-heading.av-lxbzolu5-796f5fdbb444127dabcc8d3bd3e9f755 .av-special-heading-tag{\nfont-size:0.8em;\n}\n}\n\n@media only screen and (max-width: 479px){ \n#top #wrap_all .av-special-heading.av-lxbzolu5-796f5fdbb444127dabcc8d3bd3e9f755 .av-special-heading-tag{\nfont-size:0.8em;\n}\n}\n<\/style>\n<div  class='av-special-heading av-lxbzolu5-796f5fdbb444127dabcc8d3bd3e9f755 av-special-heading-h1 custom-color-heading blockquote modern-quote modern-centered  avia-builder-el-2  avia-builder-el-no-sibling  av-inherit-size'><h1 class='av-special-heading-tag'  itemprop=\"headline\"  >Privacy Policy<\/h1><div class=\"special-heading-border\"><div class=\"special-heading-inner-border\"><\/div><\/div><\/div><\/div>\n\n<\/div><\/div><\/main><!-- close content main element --><\/div><\/div><\/div><div id='av_section_2'  class='avia-section av-lxbzqnsu-633e2101d2159af1a97aa68d4985d918 main_color avia-section-large avia-no-border-styling  avia-builder-el-3  el_after_av_section  avia-builder-el-last  avia-bg-style-scroll container_wrap fullsize'  ><div class='container av-section-cont-open' ><div class='template-page content  av-content-full alpha units'><div class='post-entry post-entry-type-page post-entry-1289'><div class='entry-content-wrapper clearfix'>\n<div class='flex_column av-lxbzxp4p-897bfa6289f1a51db905453941fab407 av_one_full  avia-builder-el-4  avia-builder-el-no-sibling  first flex_column_div '     ><section  class='av_textblock_section av-lxbzy5di-55ad9ab3ab29f087418f5a41c4ca12b1'  itemscope=\"itemscope\" itemtype=\"https:\/\/schema.org\/CreativeWork\" ><div class='avia_textblock'  itemprop=\"text\" ><p>La presente Pol\u00edtica de Privacidad tiene por objeto describir c\u00f3mo se gestiona el sitio web, <a href=\"https:\/\/aiterna.com\/\">https:\/\/aiterna.com\/<\/a> (en adelante, el \u00abSitio\u00bb) en lo que respecta al tratamiento de los datos personales de los usuarios.<\/p>\n<p>El tratamiento de datos incluye cualquier operaci\u00f3n o conjunto de operaciones, realizadas incluso sin la ayuda de instrumentos electr\u00f3nicos, seg\u00fan lo dispuesto en el art\u00edculo 4 del Reglamento (UE) 2016\/679 (en lo sucesivo, el \u00abReglamento\u00bb).<\/p>\n<p>La presente informaci\u00f3n general se facilita en cumplimiento del art\u00edculo 13 del Reglamento relativo a la protecci\u00f3n de las personas f\u00edsicas en lo que respecta al tratamiento de datos personales y a la libre circulaci\u00f3n de estos datos, as\u00ed como en cumplimiento de la Ley Federal de Protecci\u00f3n de Datos y sus posteriores modificaciones y adiciones, para todos los usuarios que consulten y, en general, interact\u00faen con los servicios prestados a trav\u00e9s del Sitio por Aiterna Gmbh, con domicilio social en Neuhofstrasse 5A, 6340 Baar, Zug ZG (en adelante, el \u00abTitular\u00bb o \u00abaiterna\u00bb).<\/p>\n<p>En este aviso informativo explicamos la finalidad y el modo en que el Titular recopila y procesa sus datos personales, qu\u00e9 categor\u00edas de datos se procesan, qu\u00e9 derechos tiene usted y c\u00f3mo pueden ejercerse.<\/p>\n<p>La informaci\u00f3n s\u00f3lo es v\u00e1lida para este Sitio, por lo que aiterna no asume ninguna responsabilidad por otros sitios web que puedan consultarse a trav\u00e9s de hiperv\u00ednculos en este sitio. Los datos se tratar\u00e1n mediante herramientas inform\u00e1ticas y manuales. La informaci\u00f3n tambi\u00e9n se refiere a los datos adquiridos de las p\u00e1ginas gestionadas por aiterna de plataformas de redes sociales como, a modo de ejemplo pero no limitado a: Facebook, Twitter, LinkedIn, Discord.<\/p>\n<p>Los usuarios, al utilizar el Sitio, aceptan esta pol\u00edtica y, por lo tanto, se les invita a leerla antes de proporcionar informaci\u00f3n personal de cualquier tipo.<\/p>\n<p><strong>1. \u00bfQu\u00e9 tipos de datos personales tratamos?<\/strong><\/p>\n<p><strong>a. Datos de navegaci\u00f3n.<\/strong><\/p>\n<p>Los sistemas inform\u00e1ticos y los procedimientos de software utilizados para el funcionamiento de este sitio web adquieren, durante su funcionamiento normal, algunos datos personales cuya transmisi\u00f3n est\u00e1 impl\u00edcita en el uso de los protocolos de comunicaci\u00f3n de Internet. Se trata de informaci\u00f3n que no se recoge para ser asociada a interesados identificados, sino que por su propia naturaleza podr\u00eda, mediante elaboraciones y asociaciones con datos en poder de terceros, permitir identificar a los usuarios. En esta categor\u00eda de datos se incluyen las direcciones IP o los nombres de dominio de los ordenadores utilizados por los usuarios que se conectan al sitio, las direcciones en notaci\u00f3n URI (Uniform Resource Identifier) de los recursos solicitados, la hora de la solicitud, el m\u00e9todo utilizado para enviar la solicitud al servidor, el tama\u00f1o del archivo obtenido como respuesta, el c\u00f3digo num\u00e9rico que indica el estado de la respuesta dada por el servidor (correcto, error, etc.) y otros par\u00e1metros relativos al sistema operativo y al entorno inform\u00e1tico del usuario.<\/p>\n<p>Estos datos se utilizan con el \u00fanico fin de obtener informaci\u00f3n estad\u00edstica an\u00f3nima sobre el uso del sitio y comprobar su correcto funcionamiento, y se suprimen inmediatamente despu\u00e9s de su tratamiento. Los datos podr\u00edan utilizarse para determinar responsabilidades en caso de hipot\u00e9ticos delitos inform\u00e1ticos contra el sitio. Aiterna podr\u00e1 recoger Datos Personales a trav\u00e9s de cookies. Puede encontrar m\u00e1s informaci\u00f3n sobre el uso de cookies y tecnolog\u00edas relacionadas en este<a href=\"https:\/\/aiterna.com\/es\/cookie-policy\/\"> enlace.<\/a><\/p>\n<p><strong>b. Datos facilitados voluntariamente por el usuario<\/strong><\/p>\n<p>Sin perjuicio de lo anterior en relaci\u00f3n con los datos de navegaci\u00f3n, aiterna recabar\u00e1 los Datos Personales que el usuario pueda facilitar a trav\u00e9s del Sitio para realizar solicitudes por correo electr\u00f3nico, descargar documentos o suscribirse al bolet\u00edn de noticias. A modo de ejemplo, el Responsable del Tratamiento adquirir\u00e1 su nombre, apellidos, n\u00famero de tel\u00e9fono, direcci\u00f3n de correo electr\u00f3nico, direcci\u00f3n, ciudad y cualquier dato de su curr\u00edculum vitae que pueda enviar a aiterna.<\/p>\n<p>A trav\u00e9s del Sitio, el Responsable del Tratamiento no adquirir\u00e1 datos de car\u00e1cter sensible ni en ning\u00fan caso pertenecientes a las categor\u00edas especiales contempladas en el art\u00edculo 9 del Reglamento ni datos relativos a condenas o infracciones penales.<\/p>\n<p><strong>2. Finalidad y base jur\u00eddica del tratamiento<\/strong><\/p>\n<p><strong>a. Para la prestaci\u00f3n de los servicios solicitados<\/strong><\/p>\n<p>Los datos facilitados voluntariamente por el usuario ser\u00e1n tratados por el Responsable del tratamiento para responder a sus solicitudes y exclusivamente con esta finalidad. Por lo tanto, el suministro de dichos datos es necesario para obtener el servicio solicitado y la base jur\u00eddica del tratamiento es el art\u00edculo 6, apartado 1, letra b), del Reglamento (\u00abejecuci\u00f3n de un contrato\u00bb).<\/p>\n<p>Los datos facilitados para el bolet\u00edn informativo podr\u00e1n utilizarse para la notificaci\u00f3n de otras iniciativas y publicaciones de la empresa en sus \u00e1mbitos de actividad.<\/p>\n<p>Sus datos se tratar\u00e1n para garantizar el correcto funcionamiento del sitio web y su contenido. En este caso, el tratamiento de datos se basa en el inter\u00e9s leg\u00edtimo del responsable del tratamiento.<\/p>\n<p><strong>b. Para el cumplimiento de obligaciones legales.<\/strong><\/p>\n<p>Cualquier tratamiento de datos para el cumplimiento de obligaciones legales se basa en el Art. 6 para. 1 lit. c (\u00abobligaci\u00f3n legal\u00bb).<\/p>\n<p><strong>3. \u00bfA qui\u00e9n comunicamos sus datos?<\/strong><\/p>\n<p>El responsable del tratamiento puede comunicar, para los mismos fines, algunos de sus datos personales a terceros, que los tratar\u00e1n en calidad de encargados del tratamiento. La lista de encargados del tratamiento puede solicitarse al Responsable del tratamiento en cualquier momento escribiendo a aiterna Gmbh, Neuhofstrasse 5A, 6340 Baar, Zug ZG, correo electr\u00f3nico:<a href=\"mailto:info@aiterna.com\"> info@aiterna.com<\/a>.<\/p>\n<p><strong>4. \u00bfCu\u00e1nto tiempo dura el tratamiento y cu\u00e1nto tiempo se almacenan los datos?<\/strong><\/p>\n<p>Sus datos se almacenar\u00e1n con el fin de responder a sus solicitudes realizadas a trav\u00e9s del Sitio. Los datos adquiridos para el servicio \u00abNewsletter\u00bb se conservar\u00e1n hasta que revoque su consentimiento, lo que puede hacer escribiendo a: <a href=\"mailto:info@aiterna.com\">info@aiterna.com<\/a>. Los datos adicionales se conservar\u00e1n durante el periodo estrictamente necesario y, en cualquier caso, durante un m\u00e1ximo de 12 meses. Los datos contenidos en los CV enviados voluntariamente se utilizar\u00e1n con el \u00fanico fin de evaluar a los candidatos y, en caso de no ser seleccionados, se eliminar\u00e1n en un plazo de 12 meses. En caso de evaluaci\u00f3n positiva, se conservar\u00e1n mientras dure la relaci\u00f3n laboral.<\/p>\n<p><strong>5. \u00bfQu\u00e9 derechos puede ejercer?<\/strong><\/p>\n<p>Le informamos de que, de conformidad con la legislaci\u00f3n vigente, tiene los siguientes derechos<\/p>\n<p>a. a solicitar y obtener informaci\u00f3n sobre la existencia y acceso a sus datos en poder del Responsable del Tratamiento;<\/p>\n<p>b. para los datos tratados por sistemas automatizados, solicitar la transferencia a otro responsable del tratamiento<\/p>\n<p>c. solicitar y obtener la modificaci\u00f3n y\/o rectificaci\u00f3n de sus propios datos personales si se consideran inexactos o incompletos<\/p>\n<p>d. solicitar y obtener la supresi\u00f3n -y\/o la limitaci\u00f3n del tratamiento- de sus datos personales si no son necesarios -o han dejado de serlo- para los fines antes mencionados, es decir, una vez transcurrido el plazo de conservaci\u00f3n indicado en el p\u00e1rrafo anterior.<\/p>\n<p>Dichas solicitudes podr\u00e1n dirigirse al Responsable del Tratamiento escribiendo a: <a href=\"mailto:info@aiterna.com\">info@aiterna.com<\/a>.<\/p>\n<p>Asimismo, le informamos de que, de conformidad con la legislaci\u00f3n vigente, puede presentar cualquier reclamaci\u00f3n relativa al tratamiento de sus datos personales ante la Autoridad Italiana de Protecci\u00f3n de Datos.<\/p>\n<p><strong>6. Modificaci\u00f3n de la pol\u00edtica de privacidad<\/strong><\/p>\n<p>El Titular se reserva el derecho de modificar o simplemente actualizar el contenido de la presente pol\u00edtica de privacidad, en todo o en parte, tambi\u00e9n debido a cualquier cambio en la legislaci\u00f3n aplicable. Dichas modificaciones y\/o actualizaciones ser\u00e1n vinculantes tan pronto como se publiquen en el Sitio. Por lo tanto, el Responsable del Tratamiento le invita a visitar peri\u00f3dicamente esta secci\u00f3n para conocer la versi\u00f3n m\u00e1s reciente y actualizada de la nota informativa y mantenerse al d\u00eda sobre los datos recogidos y su utilizaci\u00f3n.<\/p>\n<\/div><\/section><\/div>\n","protected":false},"excerpt":{"rendered":"","protected":false},"author":1,"featured_media":0,"parent":0,"menu_order":0,"comment_status":"closed","ping_status":"closed","template":"","meta":[],"aioseo_notices":[],"_links":{"self":[{"href":"https:\/\/aiterna.com\/es\/wp-json\/wp\/v2\/pages\/1289"}],"collection":[{"href":"https:\/\/aiterna.com\/es\/wp-json\/wp\/v2\/pages"}],"about":[{"href":"https:\/\/aiterna.com\/es\/wp-json\/wp\/v2\/types\/page"}],"author":[{"embeddable":true,"href":"https:\/\/aiterna.com\/es\/wp-json\/wp\/v2\/users\/1"}],"replies":[{"embeddable":true,"href":"https:\/\/aiterna.com\/es\/wp-json\/wp\/v2\/comments?post=1289"}],"version-history":[{"count":10,"href":"https:\/\/aiterna.com\/es\/wp-json\/wp\/v2\/pages\/1289\/revisions"}],"predecessor-version":[{"id":1500,"href":"https:\/\/aiterna.com\/es\/wp-json\/wp\/v2\/pages\/1289\/revisions\/1500"}],"wp:attachment":[{"href":"https:\/\/aiterna.com\/es\/wp-json\/wp\/v2\/media?parent=1289"}],"curies":[{"name":"wp","href":"https:\/\/api.w.org\/{rel}","templated":true}]}}