{"id":367,"date":"2024-06-17T16:37:35","date_gmt":"2024-06-17T16:37:35","guid":{"rendered":"https:\/\/aiterna.com\/?page_id=367"},"modified":"2024-06-25T11:51:47","modified_gmt":"2024-06-25T11:51:47","slug":"chi-siamo","status":"publish","type":"page","link":"https:\/\/aiterna.com\/it\/chi-siamo\/","title":{"rendered":"Chi siamo"},"content":{"rendered":"\n<style type=\"text\/css\" data-created_by=\"avia_inline_auto\" id=\"style-css-av-lxbzic9n-3d32bfdd5335e1911a34dfd9748655cd\">\n.avia-section.av-lxbzic9n-3d32bfdd5335e1911a34dfd9748655cd{\nbackground-color:#0d0d0d;\nbackground-image:url(https:\/\/aiterna.com\/wp-content\/uploads\/2024\/06\/Aiterna_Logo_bg_opacity-1-300x259.png);\nbackground-repeat:no-repeat;\nbackground-position:50% 50%;\nbackground-attachment:scroll;\n}\n.avia-section.av-lxbzic9n-3d32bfdd5335e1911a34dfd9748655cd .av-section-color-overlay{\nopacity:0.6;\nbackground-color:#0d0d0d;\n}\n#top .avia-section.av-lxbzic9n-3d32bfdd5335e1911a34dfd9748655cd .scroll-down-link{\ncolor:#ffffff;\n}\n<\/style>\n<div id='av_section_1'  class='avia-section av-lxbzic9n-3d32bfdd5335e1911a34dfd9748655cd main_color avia-section-no-padding avia-no-border-styling  avia-builder-el-0  el_before_av_section  avia-builder-el-first  avia-full-contain avia-bg-style-scroll av-section-color-overlay-active av-minimum-height av-minimum-height-50  container_wrap fullsize'  data-section-bg-repeat='contain' data-av_minimum_height_pc='50'><div class=\"av-section-color-overlay-wrap\"><div class=\"av-section-color-overlay\"><\/div><a href='#next-section' title='' class='scroll-down-link av-custom-scroll-down-color' aria-hidden='true' data-av_icon='\ue877' data-av_iconfont='entypo-fontello'><\/a><div class='container av-section-cont-open' ><main  role=\"main\" itemprop=\"mainContentOfPage\"  class='template-page content  av-content-full alpha units'><div class='post-entry post-entry-type-page post-entry-367'><div class='entry-content-wrapper clearfix'>\n\n<style type=\"text\/css\" data-created_by=\"avia_inline_auto\" id=\"style-css-av-lxbzk3kw-22a507387d51a5da366dbfd613ac43ff\">\n#top .flex_column.av-lxbzk3kw-22a507387d51a5da366dbfd613ac43ff{\nmargin-top:0px;\nmargin-bottom:0px;\n}\n.flex_column.av-lxbzk3kw-22a507387d51a5da366dbfd613ac43ff{\n-webkit-border-radius:0px 0px 0px 0px;\n-moz-border-radius:0px 0px 0px 0px;\nborder-radius:0px 0px 0px 0px;\npadding:0px 0px 0px 0px;\n}\n.responsive #top #wrap_all .flex_column.av-lxbzk3kw-22a507387d51a5da366dbfd613ac43ff{\nmargin-top:0px;\nmargin-bottom:0px;\n}\n<\/style>\n<div class='flex_column av-lxbzk3kw-22a507387d51a5da366dbfd613ac43ff av_one_full  avia-builder-el-1  avia-builder-el-no-sibling  first flex_column_div av-animated-generic left-to-right av-zero-column-padding '     ><style type=\"text\/css\" data-created_by=\"avia_inline_auto\" id=\"style-css-av-lxbzolu5-df1ff0e7746705d5fcdf07fd53116623\">\n#top .av-special-heading.av-lxbzolu5-df1ff0e7746705d5fcdf07fd53116623{\nmargin:0 0 50px 0;\npadding-bottom:0;\ncolor:#ffffff;\nfont-size:5vw;\n}\nbody .av-special-heading.av-lxbzolu5-df1ff0e7746705d5fcdf07fd53116623 .av-special-heading-tag .heading-char{\nfont-size:25px;\n}\n#top #wrap_all .av-special-heading.av-lxbzolu5-df1ff0e7746705d5fcdf07fd53116623 .av-special-heading-tag{\nfont-size:5vw;\n}\n.av-special-heading.av-lxbzolu5-df1ff0e7746705d5fcdf07fd53116623 .special-heading-inner-border{\nborder-color:#ffffff;\n}\n.av-special-heading.av-lxbzolu5-df1ff0e7746705d5fcdf07fd53116623 .av-subheading{\nfont-size:25px;\n}\n\n@media only screen and (min-width: 480px) and (max-width: 767px){ \n#top #wrap_all .av-special-heading.av-lxbzolu5-df1ff0e7746705d5fcdf07fd53116623 .av-special-heading-tag{\nfont-size:0.8em;\n}\n}\n\n@media only screen and (max-width: 479px){ \n#top #wrap_all .av-special-heading.av-lxbzolu5-df1ff0e7746705d5fcdf07fd53116623 .av-special-heading-tag{\nfont-size:0.8em;\n}\n}\n<\/style>\n<div  class='av-special-heading av-lxbzolu5-df1ff0e7746705d5fcdf07fd53116623 av-special-heading-h1 custom-color-heading blockquote modern-quote modern-centered  avia-builder-el-2  avia-builder-el-no-sibling  av-inherit-size'><h1 class='av-special-heading-tag'  itemprop=\"headline\"  >Chi siamo<\/h1><div class=\"special-heading-border\"><div class=\"special-heading-inner-border\"><\/div><\/div><\/div><\/div>\n\n<\/div><\/div><\/main><!-- close content main element --><\/div><\/div><\/div><div id='av_section_2'  class='avia-section av-lxbzqnsu-633e2101d2159af1a97aa68d4985d918 main_color avia-section-large avia-no-border-styling  avia-builder-el-3  el_after_av_section  el_before_av_section  avia-bg-style-scroll container_wrap fullsize'  ><div class='container av-section-cont-open' ><div class='template-page content  av-content-full alpha units'><div class='post-entry post-entry-type-page post-entry-367'><div class='entry-content-wrapper clearfix'>\n<div class='flex_column av-xlwlz-2c0e6ecd9643435d1c33c5fab17f68c4 av_one_half  avia-builder-el-4  el_before_av_one_half  avia-builder-el-first  first flex_column_div '     ><p>\n<style type=\"text\/css\" data-created_by=\"avia_inline_auto\" id=\"style-css-av-lxbzv8id-5077d85b8057bfccd8cd957d39c8df4e\">\n#top .av-special-heading.av-lxbzv8id-5077d85b8057bfccd8cd957d39c8df4e{\nmargin:15px 0 0 0;\npadding-bottom:10px;\nfont-size:50px;\n}\nbody .av-special-heading.av-lxbzv8id-5077d85b8057bfccd8cd957d39c8df4e .av-special-heading-tag .heading-char{\nfont-size:25px;\n}\n#top #wrap_all .av-special-heading.av-lxbzv8id-5077d85b8057bfccd8cd957d39c8df4e .av-special-heading-tag{\nfont-size:50px;\n}\n.av-special-heading.av-lxbzv8id-5077d85b8057bfccd8cd957d39c8df4e .av-subheading{\nfont-size:15px;\n}\n\n@media only screen and (min-width: 480px) and (max-width: 767px){ \n#top #wrap_all .av-special-heading.av-lxbzv8id-5077d85b8057bfccd8cd957d39c8df4e .av-special-heading-tag{\nfont-size:0.8em;\n}\n}\n\n@media only screen and (max-width: 479px){ \n#top #wrap_all .av-special-heading.av-lxbzv8id-5077d85b8057bfccd8cd957d39c8df4e .av-special-heading-tag{\nfont-size:0.8em;\n}\n}\n<\/style>\n<div  class='av-special-heading av-lxbzv8id-5077d85b8057bfccd8cd957d39c8df4e av-special-heading-h2 blockquote modern-quote  avia-builder-el-5  el_before_av_textblock  avia-builder-el-first  av-inherit-size'><h2 class='av-special-heading-tag'  itemprop=\"headline\"  >Conosci il gruppo<\/h2><div class=\"special-heading-border\"><div class=\"special-heading-inner-border\"><\/div><\/div><\/div><br \/>\n\n<style type=\"text\/css\" data-created_by=\"avia_inline_auto\" id=\"style-css-av-lxbzvz0s-b69cb38ea5ff608618d846fca389bae1\">\n#top .av_textblock_section.av-lxbzvz0s-b69cb38ea5ff608618d846fca389bae1 .avia_textblock{\nfont-size:16px;\n}\n<\/style>\n<section  class='av_textblock_section av-lxbzvz0s-b69cb38ea5ff608618d846fca389bae1'  itemscope=\"itemscope\" itemtype=\"https:\/\/schema.org\/CreativeWork\" ><div class='avia_textblock av_inherit_color'  itemprop=\"text\" ><p>Al fine di comprendere la <strong>visione del gruppo Aiterna<\/strong> \u00e8 necessario anteporre la comprensione della premessa che sin dal principio ha guidato i soci fondatori.<\/p>\n<p>Il gruppo Aiterna nasce dall\u2019intento di voler offrire il proprio contributo al doveroso e imprescindibile <strong>progresso scientifico-tecnologico<\/strong> della societ\u00e0 umana, affinch\u00e9 i risultati di tale progresso si manifestino in un solido e concreto miglioramento della qualit\u00e0 della vita umana stessa.<\/p>\n<p>Tale premessa rappresenta per i fondatori la naturale conseguenza di una profonda consapevolezza: la parola <strong>innovazione<\/strong> deve racchiudere valori a sostegno di una civilt\u00e0 che intende esprimere al meglio il proprio potenziale.<\/p>\n<p>Nel creare un gruppo capace di concepire e perseguire gli obiettivi posti \u00e8 risultato sin da subito vitale prendere atto della necessit\u00e0 di dover procedere attraverso un <strong>approccio multidisciplinare<\/strong> in termini strutturali e di metodo lavorativo.<\/p>\n<p>Nonostante il nucleo del gruppo sia strettamente legato ad ambiti tecnologici \u00e8 presente un\u2019intelaiatura in grado di generare, per per ogni attivit\u00e0 svolta, una specifica <strong>sinergia con altri rami del sapere umano<\/strong> attraverso la valutazione di prospettive complementari etiche, sociologiche, psicologiche e nell\u2019ambito del diritto, rispettando sempre l\u2019intrinseca natura innovativa del gruppo.<\/p>\n<p>Crediamo fortemente che un approccio multidisciplinare, come quello descritto, permetta al gruppo di raggiungere livelli di standard qualitativi preclusi a realt\u00e0 orientate alla sola valutazione di aspetti tecnici\/tecnologici.<\/p>\n<\/div><\/section><\/p><\/div><div class='flex_column av-rt1bj-6c4708b71cb64b3a676e57ad65b859ef av_one_half  avia-builder-el-7  el_after_av_one_half  el_before_av_one_full  flex_column_div '     ><p>\n<style type=\"text\/css\" data-created_by=\"avia_inline_auto\" id=\"style-css-av-lxc03ycz-08df544ed0705a03007f7629a927a134\">\n#top .hr.hr-invisible.av-lxc03ycz-08df544ed0705a03007f7629a927a134{\nheight:80px;\n}\n<\/style>\n<div  class='hr av-lxc03ycz-08df544ed0705a03007f7629a927a134 hr-invisible  avia-builder-el-8  el_before_av_codeblock  avia-builder-el-first  av-medium-hide av-small-hide av-mini-hide'><span class='hr-inner '><span class=\"hr-inner-style\"><\/span><\/span><\/div><br \/>\n<br \/>\n<\/p><\/div><div class='flex_column av-lxbzxp4p-897bfa6289f1a51db905453941fab407 av_one_full  avia-builder-el-11  el_after_av_one_half  avia-builder-el-last  first flex_column_div column-top-margin'     ><section  class='av_textblock_section av-lxbzy5di-55ad9ab3ab29f087418f5a41c4ca12b1'  itemscope=\"itemscope\" itemtype=\"https:\/\/schema.org\/CreativeWork\" ><div class='avia_textblock'  itemprop=\"text\" ><blockquote>\n<p>La visione e i valori del gruppo Aiterna sono racchiusi nell\u2019interpretazione del significato legato alla parola: <strong>Progresso <em>[Pr\u014dgr\u0115d\u012dor]<\/em><\/strong><\/p>\n<p>\u201clo sviluppo verso forme di vita pi\u00f9 elevate e pi\u00f9 complesse, perseguito attraverso l\u2019avanzamento della cultura, delle conoscenze scientifiche e tecnologiche, dell\u2019organizzazione sociale, il raggiungimento delle libert\u00e0 politiche e del benessere economico, al fine di procurare all\u2019umanit\u00e0 un miglioramento generale del tenore di vita, e un grado maggiore di liberazione dai disagi\u201d<\/p>\n<footer><em><strong>[Treccani]<\/strong><\/em><\/footer>\n<\/blockquote>\n<\/div><\/section><\/div><\/div><\/div><\/div><!-- close content main div --><\/div><\/div>\n<style type=\"text\/css\" data-created_by=\"avia_inline_auto\" id=\"style-css-av-lxc00mbu-1b7b8fe3502714e060c8f44471b022d4\">\n.avia-section.av-lxc00mbu-1b7b8fe3502714e060c8f44471b022d4{\nbackground-color:#0d0d0d;\nbackground-image:unset;\n}\n<\/style>\n<div id='av_section_3'  class='avia-section av-lxc00mbu-1b7b8fe3502714e060c8f44471b022d4 main_color avia-section-large avia-no-border-styling  avia-builder-el-13  el_after_av_section  el_before_av_section  avia-bg-style-scroll container_wrap fullsize'  ><div class='container av-section-cont-open' ><div class='template-page content  av-content-full alpha units'><div class='post-entry post-entry-type-page post-entry-367'><div class='entry-content-wrapper clearfix'>\n<div class='flex_column_table av-lxc01jyx-28c5f3696c479ca10a803120102ea241 sc-av_one_half av-equal-height-column-flextable'>\n<style type=\"text\/css\" data-created_by=\"avia_inline_auto\" id=\"style-css-av-lxc01jyx-28c5f3696c479ca10a803120102ea241\">\n.flex_column.av-lxc01jyx-28c5f3696c479ca10a803120102ea241{\nwidth:49%;\nmargin-left:0;\n}\n#top .flex_column_table.av-equal-height-column-flextable.av-lxc01jyx-28c5f3696c479ca10a803120102ea241 .av-flex-placeholder{\nwidth:2%;\n}\n<\/style>\n<div class='flex_column av-lxc01jyx-28c5f3696c479ca10a803120102ea241 av_one_half  avia-builder-el-14  el_before_av_one_half  avia-builder-el-first  first flex_column_table_cell av-equal-height-column av-align-middle '     ><style type=\"text\/css\" data-created_by=\"avia_inline_auto\" id=\"style-css-av-lxc035lw-638cca1bdaf823c03c0b0bc66151561a\">\n#top .av-special-heading.av-lxc035lw-638cca1bdaf823c03c0b0bc66151561a{\npadding-bottom:10px;\ncolor:#ffffff;\nfont-size:50px;\n}\nbody .av-special-heading.av-lxc035lw-638cca1bdaf823c03c0b0bc66151561a .av-special-heading-tag .heading-char{\nfont-size:25px;\n}\n#top #wrap_all .av-special-heading.av-lxc035lw-638cca1bdaf823c03c0b0bc66151561a .av-special-heading-tag{\nfont-size:50px;\n}\n.av-special-heading.av-lxc035lw-638cca1bdaf823c03c0b0bc66151561a .special-heading-inner-border{\nborder-color:#ffffff;\n}\n.av-special-heading.av-lxc035lw-638cca1bdaf823c03c0b0bc66151561a .av-subheading{\nfont-size:15px;\n}\n\n@media only screen and (min-width: 480px) and (max-width: 767px){ \n#top #wrap_all .av-special-heading.av-lxc035lw-638cca1bdaf823c03c0b0bc66151561a .av-special-heading-tag{\nfont-size:0.8em;\n}\n}\n\n@media only screen and (max-width: 479px){ \n#top #wrap_all .av-special-heading.av-lxc035lw-638cca1bdaf823c03c0b0bc66151561a .av-special-heading-tag{\nfont-size:0.8em;\n}\n}\n<\/style>\n<div  class='av-special-heading av-lxc035lw-638cca1bdaf823c03c0b0bc66151561a av-special-heading-h3 custom-color-heading blockquote modern-quote  avia-builder-el-15  avia-builder-el-no-sibling  av-inherit-size'><h3 class='av-special-heading-tag'  itemprop=\"headline\"  >Aiterna<\/h3><div class=\"special-heading-border\"><div class=\"special-heading-inner-border\"><\/div><\/div><\/div><\/div><div class='av-flex-placeholder'><\/div>\n<style type=\"text\/css\" data-created_by=\"avia_inline_auto\" id=\"style-css-av-j7lnr-4f779186347e1fa90619ee3944467d90\">\n.flex_column.av-j7lnr-4f779186347e1fa90619ee3944467d90{\nwidth:49%;\nmargin-left:0;\n}\n#top .flex_column_table.av-equal-height-column-flextable.av-j7lnr-4f779186347e1fa90619ee3944467d90 .av-flex-placeholder{\nwidth:2%;\n}\n<\/style>\n<div class='flex_column av-j7lnr-4f779186347e1fa90619ee3944467d90 av_one_half  avia-builder-el-16  el_after_av_one_half  el_before_av_one_half  flex_column_table_cell av-equal-height-column av-align-middle '     ><\/div><\/div><!--close column table wrapper. Autoclose: 1 -->\n<style type=\"text\/css\" data-created_by=\"avia_inline_auto\" id=\"style-css-av-lxc07svc-4c21a3ffaef5c1e698b0fc405903e72b\">\n#top .flex_column.av-lxc07svc-4c21a3ffaef5c1e698b0fc405903e72b{\nmargin-top:0px;\nmargin-bottom:0px;\n}\n.flex_column.av-lxc07svc-4c21a3ffaef5c1e698b0fc405903e72b{\n-webkit-border-radius:3px 3px 3px 3px;\n-moz-border-radius:3px 3px 3px 3px;\nborder-radius:3px 3px 3px 3px;\npadding:0px 0px 0px 0px;\n}\n.responsive #top #wrap_all .flex_column.av-lxc07svc-4c21a3ffaef5c1e698b0fc405903e72b{\nmargin-top:0px;\nmargin-bottom:0px;\n}\n<\/style>\n<div class='flex_column av-lxc07svc-4c21a3ffaef5c1e698b0fc405903e72b av_one_half  avia-builder-el-17  el_after_av_one_half  el_before_av_one_half  first flex_column_div av-animated-generic left-to-right av-zero-column-padding column-top-margin'     ><style type=\"text\/css\" data-created_by=\"avia_inline_auto\" id=\"style-css-av-lxc0amlb-fee2e342d2990281c721028a4024e1f8\">\n#top .av_textblock_section.av-lxc0amlb-fee2e342d2990281c721028a4024e1f8 .avia_textblock{\nfont-size:16px;\ncolor:#ffffff;\n}\n<\/style>\n<section  class='av_textblock_section av-lxc0amlb-fee2e342d2990281c721028a4024e1f8'  itemscope=\"itemscope\" itemtype=\"https:\/\/schema.org\/CreativeWork\" ><div class='avia_textblock av_inherit_color'  itemprop=\"text\" ><div class=\"ql-block\" data-block-id=\"block-f768d9a5-f42a-41fb-a7bf-471829597b05\"><strong>Una compagnia operante a livello internazionale nel macrosettore economico quaternario.<\/strong><\/div>\n<p>Aiterna, \u00e8 stata sin dal principio strutturata come una compagnia che possa operare su ci\u00f2 che fondamentalmente riteniamo il pi\u00f9 grande patrimonio dell\u2019umanit\u00e0: la conoscenza.<\/p>\n<p>La spina dorsale della compagnia opera una perpetua <strong>attivit\u00e0 di ricerca e sviluppo<\/strong>, in ambito scientifico-tecnologico, di risposte e soluzioni innovative al fine di <strong>incrementare la propria competitivit\u00e0<\/strong> sul mercato globale e proseguire nel conseguimento degli obiettivi primari dichiarati nella premessa del gruppo a cui appartiene.<\/p>\n<p>Siamo convinti che ad oggi, la realizzazione di una struttura fondata sulla costante ricerca di <strong>know-how<\/strong> rappresenti uno dei business pi\u00f9 interessanti nel panorama socio-economico a livello globale.<\/p>\n<p>Al momento viviamo in un periodo storico senza precedenti, la mole di informazioni ed il rapido accesso ad esse si \u00e8 dimostrato uno dei fattori chiave che hanno permesso alla ricerca, ai mercati e al mondo intero di viaggiare a ritmi e velocit\u00e0 inimmaginabili fino a cinquanta anni fa. La quotidianit\u00e0 di tutti noi presenta soluzioni e ricerche che anche solo una generazione fa erano oggetto della letteratura fantascientifica.<\/p>\n<\/div><\/section><\/div>\n<style type=\"text\/css\" data-created_by=\"avia_inline_auto\" id=\"style-css-av-lxc09dyf-730223c43fec96e0029533a2811acd86\">\n#top .flex_column.av-lxc09dyf-730223c43fec96e0029533a2811acd86{\nmargin-top:0px;\nmargin-bottom:0px;\n}\n.flex_column.av-lxc09dyf-730223c43fec96e0029533a2811acd86{\n-webkit-border-radius:3px 3px 3px 3px;\n-moz-border-radius:3px 3px 3px 3px;\nborder-radius:3px 3px 3px 3px;\n}\n.responsive #top #wrap_all .flex_column.av-lxc09dyf-730223c43fec96e0029533a2811acd86{\nmargin-top:0px;\nmargin-bottom:0px;\n}\n<\/style>\n<div class='flex_column av-lxc09dyf-730223c43fec96e0029533a2811acd86 av_one_half  avia-builder-el-19  el_after_av_one_half  avia-builder-el-last  flex_column_div av-animated-generic left-to-right column-top-margin'     ><p>\n<style type=\"text\/css\" data-created_by=\"avia_inline_auto\" id=\"style-css-av-lxc0ba5t-b65151761f5aa16e5fafc1b4deda76b3\">\n#top .av_textblock_section.av-lxc0ba5t-b65151761f5aa16e5fafc1b4deda76b3 .avia_textblock{\nfont-size:16px;\ncolor:#ffffff;\n}\n<\/style>\n<section  class='av_textblock_section av-lxc0ba5t-b65151761f5aa16e5fafc1b4deda76b3'  itemscope=\"itemscope\" itemtype=\"https:\/\/schema.org\/CreativeWork\" ><div class='avia_textblock av_inherit_color'  itemprop=\"text\" ><p>Per quanto siano stati enormi i passi avanti fatti in termini di conoscenza e tecnologia, il punto a cui siamo arrivati non pu\u00f2 che essere solo l\u2019inizio, perch\u00e9 l\u2019istinto dell\u2019essere umano sar\u00e0 sempre quello di espandere la propria comprensione di ci\u00f2 che lo circonda e migliorare il proprio contesto di vita.<\/p>\n<\/div><\/section><br \/>\n\n<style type=\"text\/css\" data-created_by=\"avia_inline_auto\" id=\"style-css-av-lxc0bopl-a614389bb2b4ce6e892799b7f9fea0dd\">\n#top .av_textblock_section.av-lxc0bopl-a614389bb2b4ce6e892799b7f9fea0dd .avia_textblock{\nfont-size:16px;\ncolor:#ffffff;\n}\n<\/style>\n<section  class='av_textblock_section av-lxc0bopl-a614389bb2b4ce6e892799b7f9fea0dd'  itemscope=\"itemscope\" itemtype=\"https:\/\/schema.org\/CreativeWork\" ><div class='avia_textblock av_inherit_color'  itemprop=\"text\" ><p><strong>Data science, blockchain e intelligenza artificiale al centro dell\u2019intero progetto imprenditoriale della compagnia.<\/strong><\/p>\n<\/div><\/section><br \/>\n\n<style type=\"text\/css\" data-created_by=\"avia_inline_auto\" id=\"style-css-av-lxc0c75m-bfe9e413de88ce5586d01b07865215df\">\n#top .av_textblock_section.av-lxc0c75m-bfe9e413de88ce5586d01b07865215df .avia_textblock{\nfont-size:16px;\ncolor:#ffffff;\n}\n<\/style>\n<section  class='av_textblock_section av-lxc0c75m-bfe9e413de88ce5586d01b07865215df'  itemscope=\"itemscope\" itemtype=\"https:\/\/schema.org\/CreativeWork\" ><div class='avia_textblock av_inherit_color'  itemprop=\"text\" ><p>Negli ultimi due decenni i dati, la loro elaborazione e la conseguente analisi critica dei risultati, hanno dimostrato di non essere pi\u00f9 prevalentemente argomenti di studio del mondo accademico ma sono mutati in una straordinaria e preziosa risorsa, guadagnandosi legittimamente l\u2019appellativo di materia prima indispensabile per l\u2019attuale quarta rivoluzione industriale. Il matematico inglese Clive Humby nel 2006 scrisse <strong>\u201cI dati sono il nuovo petrolio\u201d<\/strong> ed \u00e8 su questo concetto che Aiterna ha eretto le colonne portanti del proprio progetto imprenditoriale.<\/p>\n<div class=\"ql-block\" data-block-id=\"block-e443030f-6d71-4734-8524-afda7059ba64\">La compagnia riconosce nella data science e nello sviluppo di sistemi di intelligenza artificiale, non solo le discipline tecnologiche nodali per i propri modelli di business, ma soprattutto la chiave di volta capace di garantire un imprescindibile valore strategico per il futuro di ogni contesto socio-economico.<\/div>\n<\/div><\/section><\/p><\/div>\n<\/p>\n<\/div><\/div><\/div><!-- close content main div --><\/div><\/div><div id='av_section_4'  class='avia-section av-lxc0rcx4-0ef1ee6b10a9ee43da7a624fd6a9a1df main_color avia-section-small avia-no-border-styling  avia-builder-el-23  el_after_av_section  avia-builder-el-last  avia-bg-style-scroll av-minimum-height av-minimum-height-50  container_wrap fullsize'   data-av_minimum_height_pc='50'><div class='container av-section-cont-open' ><div class='template-page content  av-content-full alpha units'><div class='post-entry post-entry-type-page post-entry-367'><div class='entry-content-wrapper clearfix'>\n\n<style type=\"text\/css\" data-created_by=\"avia_inline_auto\" id=\"style-css-av-lxc0su16-8e324629eeafb06f96963e5c3d7c3b7c\">\n#top .av-special-heading.av-lxc0su16-8e324629eeafb06f96963e5c3d7c3b7c{\nmargin:50px 0 0 0;\npadding-bottom:50px;\nfont-size:40px;\n}\nbody .av-special-heading.av-lxc0su16-8e324629eeafb06f96963e5c3d7c3b7c .av-special-heading-tag .heading-char{\nfont-size:25px;\n}\n#top #wrap_all .av-special-heading.av-lxc0su16-8e324629eeafb06f96963e5c3d7c3b7c .av-special-heading-tag{\nfont-size:40px;\n}\n.av-special-heading.av-lxc0su16-8e324629eeafb06f96963e5c3d7c3b7c .av-subheading{\nfont-size:15px;\n}\n\n@media only screen and (min-width: 480px) and (max-width: 767px){ \n#top #wrap_all .av-special-heading.av-lxc0su16-8e324629eeafb06f96963e5c3d7c3b7c .av-special-heading-tag{\nfont-size:0.8em;\n}\n}\n\n@media only screen and (max-width: 479px){ \n#top #wrap_all .av-special-heading.av-lxc0su16-8e324629eeafb06f96963e5c3d7c3b7c .av-special-heading-tag{\nfont-size:0.8em;\n}\n}\n<\/style>\n<div  class='av-special-heading av-lxc0su16-8e324629eeafb06f96963e5c3d7c3b7c av-special-heading-h2 blockquote modern-quote modern-centered  avia-builder-el-24  el_before_av_one_half  avia-builder-el-first  av-inherit-size'><h2 class='av-special-heading-tag'  itemprop=\"headline\"  >ESPLORA LE ALTRE REALT\u00c0 DEL GRUPPO<\/h2><div class=\"special-heading-border\"><div class=\"special-heading-inner-border\"><\/div><\/div><\/div>\n<div class='flex_column av-gautr-5c8a38ab6354654ad9980a6a9d25092b av_one_half  avia-builder-el-25  el_after_av_heading  el_before_av_one_half  first flex_column_div '     ><\/div><div class='flex_column av-84nrz-b789b4a68afeb2af95c4d2aa046b9325 av_one_half  avia-builder-el-27  el_after_av_one_half  el_before_av_hr  flex_column_div '     ><\/div>\n<style type=\"text\/css\" data-created_by=\"avia_inline_auto\" id=\"style-css-av-lxc0y1vk-3766c10007681256c9af95941d19f3a3\">\n#top .hr.av-lxc0y1vk-3766c10007681256c9af95941d19f3a3{\nmargin-top:30px;\nmargin-bottom:30px;\n}\n.hr.av-lxc0y1vk-3766c10007681256c9af95941d19f3a3 .hr-inner{\nwidth:90%;\nborder-color:#0f0f0f;\n}\n<\/style>\n<div  class='hr av-lxc0y1vk-3766c10007681256c9af95941d19f3a3 hr-custom  avia-builder-el-29  el_after_av_one_half  avia-builder-el-last  hr-center hr-icon-no'><span class='hr-inner inner-border-av-border-thin'><span class=\"hr-inner-style\"><\/span><\/span><\/div>\n\n","protected":false},"excerpt":{"rendered":"","protected":false},"author":1,"featured_media":0,"parent":0,"menu_order":0,"comment_status":"closed","ping_status":"closed","template":"","meta":[],"aioseo_notices":[],"_links":{"self":[{"href":"https:\/\/aiterna.com\/it\/wp-json\/wp\/v2\/pages\/367"}],"collection":[{"href":"https:\/\/aiterna.com\/it\/wp-json\/wp\/v2\/pages"}],"about":[{"href":"https:\/\/aiterna.com\/it\/wp-json\/wp\/v2\/types\/page"}],"author":[{"embeddable":true,"href":"https:\/\/aiterna.com\/it\/wp-json\/wp\/v2\/users\/1"}],"replies":[{"embeddable":true,"href":"https:\/\/aiterna.com\/it\/wp-json\/wp\/v2\/comments?post=367"}],"version-history":[{"count":84,"href":"https:\/\/aiterna.com\/it\/wp-json\/wp\/v2\/pages\/367\/revisions"}],"predecessor-version":[{"id":1610,"href":"https:\/\/aiterna.com\/it\/wp-json\/wp\/v2\/pages\/367\/revisions\/1610"}],"wp:attachment":[{"href":"https:\/\/aiterna.com\/it\/wp-json\/wp\/v2\/media?parent=367"}],"curies":[{"name":"wp","href":"https:\/\/api.w.org\/{rel}","templated":true}]}}