{"id":769,"date":"2024-06-19T15:10:17","date_gmt":"2024-06-19T15:10:17","guid":{"rendered":"https:\/\/aiterna.com\/?page_id=769"},"modified":"2024-06-19T15:14:43","modified_gmt":"2024-06-19T15:14:43","slug":"privacy-policy","status":"publish","type":"page","link":"https:\/\/aiterna.com\/it\/privacy-policy\/","title":{"rendered":"Privacy Policy"},"content":{"rendered":"<\/p>\n\n<style type=\"text\/css\" data-created_by=\"avia_inline_auto\" id=\"style-css-av-lxbzic9n-3d32bfdd5335e1911a34dfd9748655cd\">\n.avia-section.av-lxbzic9n-3d32bfdd5335e1911a34dfd9748655cd{\nbackground-color:#0d0d0d;\nbackground-image:url(https:\/\/aiterna.com\/wp-content\/uploads\/2024\/06\/Aiterna_Logo_bg_opacity-1-300x259.png);\nbackground-repeat:no-repeat;\nbackground-position:50% 50%;\nbackground-attachment:scroll;\n}\n.avia-section.av-lxbzic9n-3d32bfdd5335e1911a34dfd9748655cd .av-section-color-overlay{\nopacity:0.6;\nbackground-color:#0d0d0d;\n}\n#top .avia-section.av-lxbzic9n-3d32bfdd5335e1911a34dfd9748655cd .scroll-down-link{\ncolor:#ffffff;\n}\n<\/style>\n<div id='av_section_1'  class='avia-section av-lxbzic9n-3d32bfdd5335e1911a34dfd9748655cd main_color avia-section-no-padding avia-no-border-styling  avia-builder-el-0  el_before_av_section  avia-builder-el-first  avia-full-contain avia-bg-style-scroll av-section-color-overlay-active av-minimum-height av-minimum-height-50  container_wrap fullsize'  data-section-bg-repeat='contain' data-av_minimum_height_pc='50'><div class=\"av-section-color-overlay-wrap\"><div class=\"av-section-color-overlay\"><\/div><a href='#next-section' title='' class='scroll-down-link av-custom-scroll-down-color' aria-hidden='true' data-av_icon='\ue877' data-av_iconfont='entypo-fontello'><\/a><div class='container av-section-cont-open' ><main  role=\"main\" itemprop=\"mainContentOfPage\"  class='template-page content  av-content-full alpha units'><div class='post-entry post-entry-type-page post-entry-769'><div class='entry-content-wrapper clearfix'>\n\n<style type=\"text\/css\" data-created_by=\"avia_inline_auto\" id=\"style-css-av-lxbzk3kw-22a507387d51a5da366dbfd613ac43ff\">\n#top .flex_column.av-lxbzk3kw-22a507387d51a5da366dbfd613ac43ff{\nmargin-top:0px;\nmargin-bottom:0px;\n}\n.flex_column.av-lxbzk3kw-22a507387d51a5da366dbfd613ac43ff{\n-webkit-border-radius:0px 0px 0px 0px;\n-moz-border-radius:0px 0px 0px 0px;\nborder-radius:0px 0px 0px 0px;\npadding:0px 0px 0px 0px;\n}\n.responsive #top #wrap_all .flex_column.av-lxbzk3kw-22a507387d51a5da366dbfd613ac43ff{\nmargin-top:0px;\nmargin-bottom:0px;\n}\n<\/style>\n<div class='flex_column av-lxbzk3kw-22a507387d51a5da366dbfd613ac43ff av_one_full  avia-builder-el-1  avia-builder-el-no-sibling  first flex_column_div av-animated-generic left-to-right av-zero-column-padding '     ><style type=\"text\/css\" data-created_by=\"avia_inline_auto\" id=\"style-css-av-lxbzolu5-796f5fdbb444127dabcc8d3bd3e9f755\">\n#top .av-special-heading.av-lxbzolu5-796f5fdbb444127dabcc8d3bd3e9f755{\nmargin:0 0 50px 0;\npadding-bottom:0;\ncolor:#ffffff;\nfont-size:5vw;\n}\nbody .av-special-heading.av-lxbzolu5-796f5fdbb444127dabcc8d3bd3e9f755 .av-special-heading-tag .heading-char{\nfont-size:25px;\n}\n#top #wrap_all .av-special-heading.av-lxbzolu5-796f5fdbb444127dabcc8d3bd3e9f755 .av-special-heading-tag{\nfont-size:5vw;\n}\n.av-special-heading.av-lxbzolu5-796f5fdbb444127dabcc8d3bd3e9f755 .special-heading-inner-border{\nborder-color:#ffffff;\n}\n.av-special-heading.av-lxbzolu5-796f5fdbb444127dabcc8d3bd3e9f755 .av-subheading{\nfont-size:25px;\n}\n\n@media only screen and (min-width: 480px) and (max-width: 767px){ \n#top #wrap_all .av-special-heading.av-lxbzolu5-796f5fdbb444127dabcc8d3bd3e9f755 .av-special-heading-tag{\nfont-size:0.8em;\n}\n}\n\n@media only screen and (max-width: 479px){ \n#top #wrap_all .av-special-heading.av-lxbzolu5-796f5fdbb444127dabcc8d3bd3e9f755 .av-special-heading-tag{\nfont-size:0.8em;\n}\n}\n<\/style>\n<div  class='av-special-heading av-lxbzolu5-796f5fdbb444127dabcc8d3bd3e9f755 av-special-heading-h1 custom-color-heading blockquote modern-quote modern-centered  avia-builder-el-2  avia-builder-el-no-sibling  av-inherit-size'><h1 class='av-special-heading-tag'  itemprop=\"headline\"  >Privacy Policy<\/h1><div class=\"special-heading-border\"><div class=\"special-heading-inner-border\"><\/div><\/div><\/div><\/div>\n\n<\/div><\/div><\/main><!-- close content main element --><\/div><\/div><\/div><div id='av_section_2'  class='avia-section av-lxbzqnsu-633e2101d2159af1a97aa68d4985d918 main_color avia-section-large avia-no-border-styling  avia-builder-el-3  el_after_av_section  avia-builder-el-last  avia-bg-style-scroll container_wrap fullsize'  ><div class='container av-section-cont-open' ><div class='template-page content  av-content-full alpha units'><div class='post-entry post-entry-type-page post-entry-769'><div class='entry-content-wrapper clearfix'>\n<div class='flex_column av-lxbzxp4p-897bfa6289f1a51db905453941fab407 av_one_full  avia-builder-el-4  avia-builder-el-no-sibling  first flex_column_div '     ><section  class='av_textblock_section av-lxbzy5di-55ad9ab3ab29f087418f5a41c4ca12b1'  itemscope=\"itemscope\" itemtype=\"https:\/\/schema.org\/CreativeWork\" ><div class='avia_textblock'  itemprop=\"text\" ><p>La presente Privacy Policy ha lo scopo di descrivere le modalit\u00e0 di gestione del sito web, <a href=\"https:\/\/aiterna.com\/\">https:\/\/aiterna.com\/<\/a> (di seguito, il \u201cSito\u201d) in riferimento al trattamento dei dati personali degli utenti.<\/p>\n<p>Il trattamento dei dati comprende qualunque operazione o complesso di operazioni, effettuati anche senza l&#8217;ausilio di strumenti elettronici, come previsto dall&#8217;art. 4 del Regolamento (UE) 2016\/679 (di seguito, il \u201cRegolamento\u201d).<\/p>\n<p>La presente informativa generale \u00e8 resa ai sensi dell&#8217;art. 13 del Regolamento relativo alla protezione delle persone fisiche con riguardo al trattamento dei dati personali, nonch\u00e9 alla libera circolazione di tali dati, nonch\u00e9 ai sensi della Legge federale sulla protezione dei dati e successive modifiche e integrazioni, per tutti gli utenti che consultano e, pi\u00f9 in generale, interagiscono con i servizi forniti attraverso il Sito da Aiterna Gmbh, con sede legale in Neuhofstrasse 5A, 6340 Baar, Zug ZG (di seguito, il \u201cTitolare\u201d o \u201caiterna\u201d).<\/p>\n<p>Nella presente informativa Le illustriamo le finalit\u00e0 e le modalit\u00e0 con cui il Titolare raccoglie e tratta i Suoi dati personali, quali categorie di dati vengono trattate, quali sono i diritti dell&#8217;interessato e come possono essere esercitati.<\/p>\n<p>L&#8217;informativa \u00e8 valida solo per questo Sito, pertanto aiterna non si assume alcuna responsabilit\u00e0 per altri siti web eventualmente consultati tramite collegamenti ipertestuali presenti su questo sito. Il trattamento dei dati avverr\u00e0 mediante strumenti informatici e manuali. L&#8217;informativa si riferisce anche ai dati acquisiti dalle pagine gestite da aiterna delle piattaforme di social network quali, a titolo esemplificativo e non esaustivo: Facebook, Twitter, LinkedIn, Discord.<\/p>\n<p>Gli utenti, utilizzando il Sito, accettano la presente informativa e sono pertanto invitati a leggerla prima di fornire informazioni personali di qualsiasi tipo.<\/p>\n<p><b>1. Quali tipi di dati personali trattiamo?<\/b><\/p>\n<p style=\"padding-left: 40px;\"><b>a. Dati di navigazione.<\/b><\/p>\n<p style=\"padding-left: 40px;\">I sistemi informatici e le procedure software preposte al funzionamento di questo sito web acquisiscono, nel corso del loro normale esercizio, alcuni dati personali la cui trasmissione \u00e8 implicita nell&#8217;uso dei protocolli di comunicazione di Internet. Si tratta di informazioni che non sono raccolte per essere associate a interessati identificati, ma che per loro stessa natura potrebbero, attraverso elaborazioni ed associazioni con dati detenuti da terzi, permettere di identificare gli utenti. In questa categoria di dati rientrano gli indirizzi IP o i nomi a dominio dei computer utilizzati dagli utenti che si connettono al sito, gli indirizzi in notazione URI (Uniform Resource Identifier) delle risorse richieste, l&#8217;orario della richiesta, il metodo utilizzato nel sottoporre la richiesta al server, la dimensione del file ottenuto in risposta, il codice numerico indicante lo stato della risposta data dal server (buon fine, errore, ecc.) ed altri parametri relativi al sistema operativo e all&#8217;ambiente informatico dell&#8217;utente.<\/p>\n<p style=\"padding-left: 40px;\">Questi dati vengono utilizzati al solo fine di ricavare informazioni statistiche anonime sull&#8217;uso del sito e per controllarne il corretto funzionamento e vengono cancellati immediatamente dopo l&#8217;elaborazione. I dati potrebbero essere utilizzati per l&#8217;accertamento di responsabilit\u00e0 in caso di ipotetici reati informatici ai danni del sito. Aiterna pu\u00f2 raccogliere i Dati personali attraverso i cookie. Maggiori informazioni sull&#8217;uso dei cookie e delle tecnologie correlate sono disponibili a questo <a title=\"Cookie Policy\" href=\"https:\/\/aiterna.com\/it\/cookie-policy\/\">link<\/a>.<\/p>\n<p style=\"padding-left: 40px;\"><b>b. Dati forniti volontariamente dall&#8217;utente<\/b><\/p>\n<p style=\"padding-left: 40px;\">Fermo restando quanto sopra specificato in relazione ai dati di navigazione, aiterna acquisir\u00e0 i dati personali che l&#8217;utente potr\u00e0 fornire attraverso il Sito per effettuare richieste via e-mail, per scaricare documenti o per iscriversi alla newsletter. A titolo esemplificativo, il Titolare del trattamento acquisir\u00e0 il Suo nome, cognome, numero di telefono, indirizzo di posta elettronica, indirizzo, citt\u00e0 e tutti i dati del Suo curriculum vitae eventualmente inviati a aiterna.<\/p>\n<p style=\"padding-left: 40px;\">Attraverso il Sito, il Titolare non acquisir\u00e0 dati di natura sensibile o comunque appartenenti alle categorie particolari di cui all&#8217;articolo 9 del Regolamento o dati relativi a condanne penali o reati.<\/p>\n<p><b>2. Finalit\u00e0 e base giuridica del trattamento<\/b><\/p>\n<p style=\"padding-left: 40px;\"><b>a. Per l&#8217;erogazione dei servizi richiesti<\/b><\/p>\n<p style=\"padding-left: 40px;\">I dati forniti volontariamente dall&#8217;utente saranno trattati dal Titolare per rispondere alle sue richieste ed esclusivamente a tale scopo. Il conferimento di tali dati \u00e8 quindi necessario per ottenere il servizio richiesto e la base giuridica del trattamento \u00e8 l&#8217;articolo 6(1)(b) del Regolamento (\u201cesecuzione di un contratto\u201d).<\/p>\n<p style=\"padding-left: 40px;\">I dati forniti per la newsletter potranno essere utilizzati per la segnalazione di ulteriori iniziative e pubblicazioni dello studio nei propri settori di attivit\u00e0.<\/p>\n<p style=\"padding-left: 40px;\">I Suoi dati saranno trattati per garantire il corretto funzionamento del sito web e dei suoi contenuti. In questo caso, il trattamento dei dati si basa sul legittimo interesse del Titolare del trattamento.<\/p>\n<p style=\"padding-left: 40px;\"><b>b. Per l&#8217;adempimento di obblighi di legge.<\/b><\/p>\n<p style=\"padding-left: 40px;\">L&#8217;eventuale trattamento dei dati per l&#8217;adempimento di obblighi di legge si basa sull&#8217;Art. 6 para. 1 lit. c (\u201cobbligo legale\u201d).<\/p>\n<p><b>3. A chi comunichiamo i vostri dati? <\/b><\/p>\n<p>Il Titolare del trattamento potr\u00e0 comunicare, per le medesime finalit\u00e0, alcuni dei Suoi dati personali a soggetti terzi, che li tratteranno in qualit\u00e0 di Responsabili del trattamento. L&#8217;elenco dei Responsabili del trattamento pu\u00f2 essere richiesto al Titolare in qualsiasi momento scrivendo a aiterna Gmbh, Neuhofstrasse 5A, 6340 Baar, Zug ZG, e-mail: <i><a href=\"mailto:info@aiterna.com\">info@aiterna.com<\/a><\/i><\/p>\n<p><b>4. Per quanto tempo dura il trattamento e per quanto tempo vengono conservati i dati?<\/b><\/p>\n<p>I Suoi dati saranno conservati al fine di rispondere alle Sue richieste effettuate tramite il Sito. I dati acquisiti per il servizio \u201cNewsletter\u201d saranno conservati fino alla revoca del consenso, che potr\u00e0 essere esercitata scrivendo a: <a href=\"mailto:info@aiterna.com\">info@aiterna.com<\/a> Ulteriori dati saranno conservati per il periodo strettamente necessario e, comunque, per non pi\u00f9 di 12 mesi. I dati contenuti nei curricula inviati volontariamente saranno utilizzati al solo scopo di valutare i candidati e, in caso di mancata selezione, saranno cancellati entro 12 mesi. In caso di valutazione positiva, saranno conservati per tutta la durata del rapporto di lavoro.<\/p>\n<p><b>5. Quali diritti pu\u00f2 esercitare?<\/b><\/p>\n<p>Desideriamo informarvi che avete i seguenti diritti, in conformit\u00e0 alla normativa vigente:<\/p>\n<p style=\"padding-left: 40px;\">a. chiedere e ottenere informazioni sull&#8217;esistenza e sull&#8217;accesso ai propri dati in possesso del Titolare;<\/p>\n<p style=\"padding-left: 40px;\">b. per i dati trattati con sistemi automatizzati, richiedere il trasferimento ad altro titolare del trattamento;<\/p>\n<p style=\"padding-left: 40px;\">c. chiedere e ottenere la modifica e\/o la correzione dei propri dati personali qualora li ritenga inesatti o incompleti;<\/p>\n<p style=\"padding-left: 40px;\">d. chiedere e ottenere la cancellazione &#8211; e\/o la limitazione del trattamento &#8211; dei Suoi dati personali qualora non siano necessari &#8211; o non siano pi\u00f9 necessari &#8211; per le finalit\u00e0 di cui sopra, quindi dopo il periodo di conservazione indicato nel paragrafo precedente.<\/p>\n<p>Tali richieste potranno essere rivolte al Titolare del trattamento scrivendo a: <a href=\"mailto:info@aiterna.com\"><i>info@aiterna.com\u00a0<\/i><\/a><\/p>\n<p>La informiamo inoltre che, ai sensi della normativa vigente, potr\u00e0 proporre eventuali reclami in merito al trattamento dei Suoi dati personali all&#8217;Autorit\u00e0 Garante per la protezione dei dati personali.<\/p>\n<p><b>6. Modifica dell&#8217;informativa sulla privacy<\/b><\/p>\n<p>Il Titolare si riserva di modificare o semplicemente aggiornare il contenuto della presente informativa, in tutto o in parte, anche a causa di eventuali modifiche della normativa applicabile. Tali modifiche e\/o aggiornamenti saranno vincolanti non appena pubblicati sul Sito. Il Titolare invita pertanto a visitare con regolarit\u00e0 questa sezione per prendere cognizione della pi\u00f9 recente ed aggiornata versione dell&#8217;informativa e per essere sempre aggiornato sui dati raccolti e sul loro utilizzo.<\/p>\n<\/div><\/section><\/div>\n","protected":false},"excerpt":{"rendered":"","protected":false},"author":1,"featured_media":0,"parent":0,"menu_order":0,"comment_status":"closed","ping_status":"closed","template":"","meta":[],"aioseo_notices":[],"_links":{"self":[{"href":"https:\/\/aiterna.com\/it\/wp-json\/wp\/v2\/pages\/769"}],"collection":[{"href":"https:\/\/aiterna.com\/it\/wp-json\/wp\/v2\/pages"}],"about":[{"href":"https:\/\/aiterna.com\/it\/wp-json\/wp\/v2\/types\/page"}],"author":[{"embeddable":true,"href":"https:\/\/aiterna.com\/it\/wp-json\/wp\/v2\/users\/1"}],"replies":[{"embeddable":true,"href":"https:\/\/aiterna.com\/it\/wp-json\/wp\/v2\/comments?post=769"}],"version-history":[{"count":8,"href":"https:\/\/aiterna.com\/it\/wp-json\/wp\/v2\/pages\/769\/revisions"}],"predecessor-version":[{"id":1516,"href":"https:\/\/aiterna.com\/it\/wp-json\/wp\/v2\/pages\/769\/revisions\/1516"}],"wp:attachment":[{"href":"https:\/\/aiterna.com\/it\/wp-json\/wp\/v2\/media?parent=769"}],"curies":[{"name":"wp","href":"https:\/\/api.w.org\/{rel}","templated":true}]}}